{"id":1090,"date":"2025-08-16T00:30:59","date_gmt":"2025-08-15T22:30:59","guid":{"rendered":"https:\/\/jvillain.fr\/?page_id=1090"},"modified":"2025-09-16T17:48:12","modified_gmt":"2025-09-16T15:48:12","slug":"nouvel-habitant","status":"publish","type":"page","link":"https:\/\/jvillain.fr\/?page_id=1090","title":{"rendered":"Nouvel Habitant"},"content":{"rendered":"\n<h2 class=\"wp-block-heading has-text-color has-link-color has-medium-font-size wp-elements-8dcee236220229977dc4452890c3c845\" style=\"color:#fb0606\"><strong>Vous vous installez \u00e0 Orgueil, BIENVENUE dans notre village.<\/strong><\/h2>\n\n\n\n<hr class=\"wp-block-separator has-alpha-channel-opacity\"\/>\n\n\n\n<div id=\"ez-toc-container\" class=\"ez-toc-v2_0_82_2 ez-toc-wrap-left ez-toc-custom ez-toc-container-direction\">\n<p class=\"ez-toc-title\" style=\"cursor:inherit\">Contenu de la page<\/p>\n<label for=\"ez-toc-cssicon-toggle-item-69f45577bf1fd\" class=\"ez-toc-cssicon-toggle-label\"><span class=\"ez-toc-cssicon\"><span class=\"eztoc-hide\" style=\"display:none;\">Toggle<\/span><span class=\"ez-toc-icon-toggle-span\"><svg style=\"fill: #81d742;color:#81d742\" xmlns=\"http:\/\/www.w3.org\/2000\/svg\" class=\"list-377408\" width=\"20px\" height=\"20px\" viewBox=\"0 0 24 24\" fill=\"none\"><path d=\"M6 6H4v2h2V6zm14 0H8v2h12V6zM4 11h2v2H4v-2zm16 0H8v2h12v-2zM4 16h2v2H4v-2zm16 0H8v2h12v-2z\" fill=\"currentColor\"><\/path><\/svg><svg style=\"fill: #81d742;color:#81d742\" class=\"arrow-unsorted-368013\" xmlns=\"http:\/\/www.w3.org\/2000\/svg\" width=\"10px\" height=\"10px\" viewBox=\"0 0 24 24\" version=\"1.2\" baseProfile=\"tiny\"><path d=\"M18.2 9.3l-6.2-6.3-6.2 6.3c-.2.2-.3.4-.3.7s.1.5.3.7c.2.2.4.3.7.3h11c.3 0 .5-.1.7-.3.2-.2.3-.5.3-.7s-.1-.5-.3-.7zM5.8 14.7l6.2 6.3 6.2-6.3c.2-.2.3-.5.3-.7s-.1-.5-.3-.7c-.2-.2-.4-.3-.7-.3h-11c-.3 0-.5.1-.7.3-.2.2-.3.5-.3.7s.1.5.3.7z\"\/><\/svg><\/span><\/span><\/label><input type=\"checkbox\"  id=\"ez-toc-cssicon-toggle-item-69f45577bf1fd\"  aria-label=\"Toggle\" \/><nav><ul class='ez-toc-list ez-toc-list-level-1 ' ><li class='ez-toc-page-1 ez-toc-heading-level-4'><a class=\"ez-toc-link ez-toc-heading-1\" href=\"https:\/\/jvillain.fr\/?page_id=1090\/#Installez_Panneau_Pocket_sur_votre_telephone_mobile\" >Installez Panneau Pocket sur votre t\u00e9l\u00e9phone mobile<\/a><\/li><li class='ez-toc-page-1 ez-toc-heading-level-4'><a class=\"ez-toc-link ez-toc-heading-2\" href=\"https:\/\/jvillain.fr\/?page_id=1090\/#Plan_du_village_%E2%80%93_mairie_%E2%80%93_services_publics\" >Plan du village &#8211; mairie &#8211; services publics<\/a><\/li><li class='ez-toc-page-1 ez-toc-heading-level-4'><a class=\"ez-toc-link ez-toc-heading-3\" href=\"https:\/\/jvillain.fr\/?page_id=1090\/#Ordures_menageres_%E2%80%93_tri_selectif_%E2%80%93_containers_%E2%80%93_dechetterie\" >Ordures m\u00e9nag\u00e8res &#8211; tri s\u00e9lectif &#8211; containers &#8211; d\u00e9chetterie<\/a><\/li><li class='ez-toc-page-1 ez-toc-heading-level-4'><a class=\"ez-toc-link ez-toc-heading-4\" href=\"https:\/\/jvillain.fr\/?page_id=1090\/#Envois_postaux_%E2%80%93_bureau_de_poste_%E2%80%93_courrier\" >Envois postaux &#8211; bureau de poste &#8211; courrier<\/a><\/li><li class='ez-toc-page-1 ez-toc-heading-level-4'><a class=\"ez-toc-link ez-toc-heading-5\" href=\"https:\/\/jvillain.fr\/?page_id=1090\/#Ecole_%E2%80%93_college_%E2%80%93_lycee_%E2%80%93_enseignement_%E2%80%93_transports_scolaires\" >Ecole &#8211; coll\u00e8ge &#8211; lyc\u00e9e &#8211; enseignement &#8211; transports scolaires<\/a><\/li><li class='ez-toc-page-1 ez-toc-heading-level-4'><a class=\"ez-toc-link ez-toc-heading-6\" href=\"https:\/\/jvillain.fr\/?page_id=1090\/#Vie_associative_%E2%80%93_fetes_et_loisirs\" >Vie associative &#8211; f\u00eates et loisirs<\/a><\/li><li class='ez-toc-page-1 ez-toc-heading-level-4'><a class=\"ez-toc-link ez-toc-heading-7\" href=\"https:\/\/jvillain.fr\/?page_id=1090\/#Que_faire_dans_la_region_promenade_sports_musees_cinemas_amusements_pour_petits_et_grands_etc\" >Que faire dans la r\u00e9gion: promenade, sports, mus\u00e9es, cin\u00e9mas, amusements pour petits et grands, etc.<\/a><\/li><li class='ez-toc-page-1 ez-toc-heading-level-4'><a class=\"ez-toc-link ez-toc-heading-8\" href=\"https:\/\/jvillain.fr\/?page_id=1090\/#Histoire_du_village\" >Histoire du village<\/a><\/li><li class='ez-toc-page-1 ez-toc-heading-level-4'><a class=\"ez-toc-link ez-toc-heading-9\" href=\"https:\/\/jvillain.fr\/?page_id=1090\/#Vos_enfants_sont_grands\" >Vos enfants sont grands<\/a><\/li><li class='ez-toc-page-1 ez-toc-heading-level-4'><a class=\"ez-toc-link ez-toc-heading-10\" href=\"https:\/\/jvillain.fr\/?page_id=1090\/#Dautres_questions\" >D&rsquo;autres questions ?<\/a><\/li><\/ul><\/nav><\/div>\n<h4 class=\"wp-block-heading\"><span class=\"ez-toc-section\" id=\"Installez_Panneau_Pocket_sur_votre_telephone_mobile\"><\/span>Installez Panneau Pocket sur votre t\u00e9l\u00e9phone mobile<span class=\"ez-toc-section-end\"><\/span><\/h4>\n\n\n\n<p>Le site Internet officiel du village d&rsquo;Orgueil ( <a href=\"http:\/\/www.orgueil.fr\/fr\" target=\"_blank\" rel=\"noreferrer noopener\">http:\/\/www.orgueil.fr\/fr<\/a> ) est important \u00e0 connaitre cependant la Mairie utilise l&rsquo;application mobile Panneau Pocket pour informer la population, donc installez l&rsquo;application (informations en cliquant ICI)<\/p>\n\n\n\n<hr class=\"wp-block-separator has-alpha-channel-opacity\"\/>\n\n\n\n<h4 class=\"wp-block-heading\"><span class=\"ez-toc-section\" id=\"Plan_du_village_%E2%80%93_mairie_%E2%80%93_services_publics\"><\/span>Plan du village &#8211; mairie &#8211; services publics<span class=\"ez-toc-section-end\"><\/span><\/h4>\n\n\n\n<p><strong>Vous cherchez un plan du village ou une adresse<\/strong> : consultez la <a href=\"https:\/\/adresse.data.gouv.fr\/carte-base-adresse-nationale?id=82136\" target=\"_blank\" rel=\"noreferrer noopener\">base adresse nationale<\/a> , elle contient tous les noms de lieux, de rues, de chemins du village et les num\u00e9ros de tous les logements.  Vous pouvez aussi consulter <a href=\"https:\/\/www.geoportail.gouv.fr\/carte?c=1.4128612169039532,43.90543084397285&amp;z=16&amp;l0=GEOGRAPHICALGRIDSYSTEMS.MAPS.BDUNI.J1::GEOPORTAIL:OGC:WMTS(1)&amp;permalink=yes\" target=\"_blank\" rel=\"noreferrer noopener\">Geoportail<\/a> qui utilise la base adresse nationale et en plus d&rsquo;une carte pr\u00e9cise, vous donne tous les noms de rue et les adresses certifi\u00e9es par la mairie. Sur Geoportail vous pouvez aussi acc\u00e9der au plan cadastral, a des cartes routi\u00e8res et topographiques et aux vues a\u00e9riennes.<\/p>\n\n\n\n<p><strong>Trouver les horaires d&rsquo;ouverture de la mairie<\/strong>: consultez la page \u00ab\u00a0nous contacter\u00a0\u00bb du site Internet officiel de la commune<\/p>\n\n\n\n<p><strong>Vous avez des enfants en bas \u00e2ge et vous cherchez une Assistante maternelle ou une halte garderie<\/strong> : consultez le site Internet officiel du village<\/p>\n\n\n\n<hr class=\"wp-block-separator has-alpha-channel-opacity\"\/>\n\n\n\n<h4 class=\"wp-block-heading\"><span class=\"ez-toc-section\" id=\"Ordures_menageres_%E2%80%93_tri_selectif_%E2%80%93_containers_%E2%80%93_dechetterie\"><\/span>Ordures m\u00e9nag\u00e8res &#8211; tri s\u00e9lectif &#8211; containers &#8211; d\u00e9chetterie<span class=\"ez-toc-section-end\"><\/span><\/h4>\n\n\n\n<p><strong>Pour tout savoir sur le tri s\u00e9lectif dans la commune<\/strong>, connaitre les horaires des d\u00e9ch\u00e8teries, d\u00e9terminer le jour de collecte de vos d\u00e9chets, visitez le site de la communaut\u00e9 de communes en cliquant <a href=\"https:\/\/www.grandsud82.fr\/vie-pratique-et-associative\/dechets\" target=\"_blank\" rel=\"noreferrer noopener\">ICI<\/a><\/p>\n\n\n\n<p>Du fait du tri s\u00e9lectif <strong>il faut des containers pour s\u00e9parer les d\u00e9chet<\/strong>s : pour obtenir une caissette jaune (pour les objets recyclables) ou un container poubelle, passez \u00e0 la mairie<\/p>\n\n\n\n<p>Dans plusieurs endroits de la commune vous trouverez des <strong>bornes de d\u00e9p\u00f4ts<\/strong> pour le verre, le papier et le textile, renseignez vous \u00e0 la mairie.<\/p>\n\n\n\n<p><strong>Vous avez des gros objets \u00e0 jeter, des d\u00e9chets vert<\/strong>s : il vous faut les porter \u00e0 la d\u00e9chetterie. Il existe un service de broyage des v\u00e9g\u00e9taux, un service de collecte des encombrants avec Emmaus et un service de ramassage de la ferraille, renseignez vous \u00e0 la mairie.<\/p>\n\n\n\n<hr class=\"wp-block-separator has-alpha-channel-opacity\"\/>\n\n\n\n<h4 class=\"wp-block-heading\"><span class=\"ez-toc-section\" id=\"Envois_postaux_%E2%80%93_bureau_de_poste_%E2%80%93_courrier\"><\/span>Envois postaux &#8211; bureau de poste &#8211; courrier<span class=\"ez-toc-section-end\"><\/span><\/h4>\n\n\n\n<p><strong>Vous avez peur que votre courrier ne vous arrive pas<\/strong> : faites vous conna\u00eetre au bureau de poste. L&rsquo;agence postale communale est \u00e0 c\u00f4t\u00e9 de la mairie. Pour les horaires consultez le site Internet officiel de la commune : <a href=\"http:\/\/www.orgueil.fr\/fr\/mairie\/services-municipaux.html\" target=\"_blank\" rel=\"noreferrer noopener\">http:\/\/www.orgueil.fr\/fr\/mairie\/services-municipaux.html<\/a><\/p>\n\n\n\n<p><strong>N&rsquo;oubliez pas de mettre votre nom bien en vue sur votre bo\u00eete aux lettres.<\/strong><\/p>\n\n\n\n<p><strong>Le num\u00e9ro de votre maison dans la rue, route ou chemin doit \u00eatre bien visibl<\/strong>e. Si vous \u00eates locataire et que ce num\u00e9ro n&rsquo;\u00e9tait pas visible, demandez \u00e0 votre propri\u00e9taire de le fixer.<\/p>\n\n\n\n<p><strong>Les rues, routes et chemins ont tous des noms et chaque logement \u00e0 un num\u00e9ro.<\/strong> Donnez l&rsquo;adresse exacte de votre domicile \u00e0 tous vos correspondants, vous faciliterez la tache des facteurs et votre courrier vous arrivera plus s\u00fbrement. V\u00e9rifiez sur la <a href=\"https:\/\/adresse.data.gouv.fr\/carte-base-adresse-nationale?id=82136\" target=\"_blank\" rel=\"noreferrer noopener\">base adresse nationale<\/a> le nom de votre rue et le num\u00e9ro de votre habitation. <strong>Si vous ne connaissez pas le num\u00e9ro de votre habitation dans la rue ou si vous ne la trouvez pas dans la base adresse nationale, contactez la mairie.<\/strong><\/p>\n\n\n\n<hr class=\"wp-block-separator has-alpha-channel-opacity\"\/>\n\n\n\n<h4 class=\"wp-block-heading\"><span class=\"ez-toc-section\" id=\"Ecole_%E2%80%93_college_%E2%80%93_lycee_%E2%80%93_enseignement_%E2%80%93_transports_scolaires\"><\/span>Ecole &#8211; coll\u00e8ge &#8211; lyc\u00e9e &#8211; enseignement &#8211; transports scolaires<span class=\"ez-toc-section-end\"><\/span><\/h4>\n\n\n\n<p><strong>Vous avez des enfants en \u00e2ge scolaire et vous d\u00e9sirez les inscrire \u00e0 l&rsquo;\u00e9cole \u00e9l\u00e9mentaire ou maternelle du village<\/strong> :  consultez le site Internet officiel de la commune : <a href=\"http:\/\/www.orgueil.fr\/fr\/enfancejeunesse\/scolarite-a-orgueil.html\" target=\"_blank\" rel=\"noreferrer noopener\">http:\/\/www.orgueil.fr\/fr\/enfancejeunesse\/scolarite-a-orgueil.html<\/a><\/p>\n\n\n\n<p><strong>Vous avez des enfants<\/strong> <strong>tr\u00e8s jeunes<\/strong> : donnez leurs noms, pr\u00e9noms et date de naissance \u00e0 la secr\u00e9taire de mairie, m\u00eame si vos enfants ont moins de 3 ans (l&rsquo;\u00e9cole accueille les enfants de 3 ans et, dans la mesure o\u00f9 les effectifs le permettent, les enfants ayant 2 ans r\u00e9volus) car cela permet de pr\u00e9parer les effectifs des rentr\u00e9es prochaines. Il est tr\u00e8s important de donner ces renseignements pour que la municipalit\u00e9 et la directrice de l&rsquo;\u00e9cole puissent pr\u00e9parer les rentr\u00e9es scolaires: r\u00e9partition des \u00e9l\u00e8ves, locaux, budget, tables, chaises, livres, \u2026.<\/p>\n\n\n\n<p><strong>Vous avez de tr\u00e8s jeunes enfants<\/strong>, vous cherchez la halte-garderie la plus proche ou une assistante maternelle, contactez la mairie.<\/p>\n\n\n\n<hr class=\"wp-block-separator has-alpha-channel-opacity\"\/>\n\n\n\n<h4 class=\"wp-block-heading\"><span class=\"ez-toc-section\" id=\"Vie_associative_%E2%80%93_fetes_et_loisirs\"><\/span>Vie associative &#8211; f\u00eates et loisirs<span class=\"ez-toc-section-end\"><\/span><\/h4>\n\n\n\n<p><strong>Vous voulez rejoindre une association culturelle ou sportive<\/strong> : consultez la liste des associations sur le <a href=\"https:\/\/www.orgueil.fr\/culture-\/-sport-\/-economie\/vie-associatives\">site internet de la mairie<\/a> . <\/p>\n\n\n\n<hr class=\"wp-block-separator has-alpha-channel-opacity\"\/>\n\n\n\n<h4 class=\"wp-block-heading\"><span class=\"ez-toc-section\" id=\"Que_faire_dans_la_region_promenade_sports_musees_cinemas_amusements_pour_petits_et_grands_etc\"><\/span>Que faire dans la r\u00e9gion: promenade, sports, mus\u00e9es, cin\u00e9mas, amusements pour petits et grands, etc.<span class=\"ez-toc-section-end\"><\/span><\/h4>\n\n\n\n<p><br>Visitez la page Tourisme, Activit\u00e9s ludiques et Sympathiques de ce site en cliquant <a href=\"https:\/\/jvillain.fr\/?page_id=1112\">ICI<\/a><\/p>\n\n\n\n<hr class=\"wp-block-separator has-alpha-channel-opacity\"\/>\n\n\n\n<h4 class=\"wp-block-heading\"><span class=\"ez-toc-section\" id=\"Histoire_du_village\"><\/span>Histoire du village<span class=\"ez-toc-section-end\"><\/span><\/h4>\n\n\n\n<p>Vous d\u00e9sirez conna\u00eetre un peu mieux le village o\u00f9 vous vous installez, visitez les pages \u00ab\u00a0<a href=\"https:\/\/orgueil82.jvillain.fr\/\">histoire du village<\/a>\u00a0\u00bb de ce site.<\/p>\n\n\n\n<hr class=\"wp-block-separator has-alpha-channel-opacity\"\/>\n\n\n\n<h4 class=\"wp-block-heading\"><span class=\"ez-toc-section\" id=\"Vos_enfants_sont_grands\"><\/span>Vos enfants sont grands<span class=\"ez-toc-section-end\"><\/span><\/h4>\n\n\n\n<p><strong>Vous d\u00e9sirez savoir quand ils devront se faire recenser<\/strong>, visualisez les pages du \u00ab\u00a0correspondant d\u00e9fense\u00a0\u00bb du bulletin municipal 2004\/2005 en cliquant <a href=\"https:\/\/village.jvillain.eu\/Plans\/cordef05.pdf\" target=\"_blank\" rel=\"noreferrer noopener\">ICI<\/a> (fichier PDF) ou adressez vous \u00e0 la mairie.<\/p>\n\n\n\n<p><strong>Votre enfant va bient\u00f4t avoir 18 ans<\/strong>, pour s&rsquo;inscrire sur les listes \u00e9lectorales adressez vous \u00e0 la mairie<\/p>\n\n\n\n<hr class=\"wp-block-separator has-alpha-channel-opacity\"\/>\n\n\n\n<h4 class=\"wp-block-heading\"><span class=\"ez-toc-section\" id=\"Dautres_questions\"><\/span>D&rsquo;autres questions ?<span class=\"ez-toc-section-end\"><\/span><\/h4>\n\n\n\n<p>Si vous vous posez d&rsquo;autres questions sur le village, n&rsquo;h\u00e9sitez pas \u00e0 passer \u00e0 la Mairie ou a consulter le site officiel du village d&rsquo;Orgueil. Vous pouvez aussi faire un message au Webmaster de ce site en utilisant <a href=\"https:\/\/jvillain.fr\/?page_id=51\" target=\"_blank\" rel=\"noreferrer noopener\">le formulaire de contact<\/a>. Dans la mesure du possible il essaiera de vous r\u00e9pondre, soyez patient il n&rsquo;est pas en permanence branch\u00e9 sur son PC.<\/p>\n","protected":false},"excerpt":{"rendered":"<p>Vous vous installez \u00e0 Orgueil, BIENVENUE dans notre village. Installez Panneau Pocket sur votre t\u00e9l\u00e9phone mobile Le site Internet officiel du village d&rsquo;Orgueil ( http:\/\/www.orgueil.fr\/fr ) est important \u00e0 connaitre cependant la Mairie utilise l&rsquo;application mobile Panneau Pocket pour informer la population, donc installez l&rsquo;application (informations en cliquant ICI) Plan du village &#8211; mairie &#8211; &#8230; <a title=\"Nouvel Habitant\" class=\"read-more\" href=\"https:\/\/jvillain.fr\/?page_id=1090\" aria-label=\"En savoir plus sur Nouvel Habitant\">Lire la suite<\/a><\/p>\n","protected":false},"author":1,"featured_media":0,"parent":2,"menu_order":3,"comment_status":"closed","ping_status":"closed","template":"","meta":{"pgc_sgb_lightbox_settings":"","footnotes":""},"class_list":["post-1090","page","type-page","status-publish"],"yoast_head":"<!-- This site is optimized with the Yoast SEO plugin v27.5 - https:\/\/yoast.com\/product\/yoast-seo-wordpress\/ -->\n<title>Nouvel Habitant - Vivre \u00e0 Orgueil - Tarn-et-Garonne<\/title>\n<meta name=\"description\" content=\"Vivre \u00e0 Orgueil - Tarn-et-Garonne - Nouvel Habitant\" \/>\n<meta name=\"robots\" content=\"index, follow, max-snippet:-1, max-image-preview:large, max-video-preview:-1\" \/>\n<link rel=\"canonical\" href=\"https:\/\/jvillain.fr\/?page_id=1090\" \/>\n<meta property=\"og:locale\" content=\"fr_FR\" \/>\n<meta property=\"og:type\" content=\"article\" \/>\n<meta property=\"og:title\" content=\"Nouvel Habitant - Vivre \u00e0 Orgueil - Tarn-et-Garonne\" \/>\n<meta property=\"og:description\" content=\"Vivre \u00e0 Orgueil - Tarn-et-Garonne - Nouvel Habitant\" \/>\n<meta property=\"og:url\" content=\"https:\/\/jvillain.fr\/?page_id=1090\" \/>\n<meta property=\"og:site_name\" content=\"Vivre \u00e0 Orgueil - Tarn-et-Garonne\" \/>\n<meta property=\"article:modified_time\" content=\"2025-09-16T15:48:12+00:00\" \/>\n<meta name=\"twitter:card\" content=\"summary_large_image\" \/>\n<meta name=\"twitter:label1\" content=\"Dur\u00e9e de lecture estim\u00e9e\" \/>\n\t<meta name=\"twitter:data1\" content=\"5 minutes\" \/>\n<script type=\"application\/ld+json\" class=\"yoast-schema-graph\">{\"@context\":\"https:\\\/\\\/schema.org\",\"@graph\":[{\"@type\":\"WebPage\",\"@id\":\"https:\\\/\\\/jvillain.fr\\\/?page_id=1090\",\"url\":\"https:\\\/\\\/jvillain.fr\\\/?page_id=1090\",\"name\":\"Nouvel Habitant - Vivre \u00e0 Orgueil - Tarn-et-Garonne\",\"isPartOf\":{\"@id\":\"https:\\\/\\\/jvillain.fr\\\/#website\"},\"datePublished\":\"2025-08-15T22:30:59+00:00\",\"dateModified\":\"2025-09-16T15:48:12+00:00\",\"description\":\"Vivre \u00e0 Orgueil - Tarn-et-Garonne - Nouvel Habitant\",\"breadcrumb\":{\"@id\":\"https:\\\/\\\/jvillain.fr\\\/?page_id=1090#breadcrumb\"},\"inLanguage\":\"fr-FR\",\"potentialAction\":[{\"@type\":\"ReadAction\",\"target\":[\"https:\\\/\\\/jvillain.fr\\\/?page_id=1090\"]}]},{\"@type\":\"BreadcrumbList\",\"@id\":\"https:\\\/\\\/jvillain.fr\\\/?page_id=1090#breadcrumb\",\"itemListElement\":[{\"@type\":\"ListItem\",\"position\":1,\"name\":\"Accueil\",\"item\":\"https:\\\/\\\/jvillain.fr\\\/\"},{\"@type\":\"ListItem\",\"position\":2,\"name\":\"Vivre \u00e0 Orgueil &#8211; Tarn-et-Garonne\",\"item\":\"https:\\\/\\\/jvillain.fr\\\/\"},{\"@type\":\"ListItem\",\"position\":3,\"name\":\"Nouvel Habitant\"}]},{\"@type\":\"WebSite\",\"@id\":\"https:\\\/\\\/jvillain.fr\\\/#website\",\"url\":\"https:\\\/\\\/jvillain.fr\\\/\",\"name\":\"Vivre \u00e0 Orgueil - Tarn-et-Garonne\",\"description\":\"Site personnel sur le village de Orgueil (82)\",\"potentialAction\":[{\"@type\":\"SearchAction\",\"target\":{\"@type\":\"EntryPoint\",\"urlTemplate\":\"https:\\\/\\\/jvillain.fr\\\/?s={search_term_string}\"},\"query-input\":{\"@type\":\"PropertyValueSpecification\",\"valueRequired\":true,\"valueName\":\"search_term_string\"}}],\"inLanguage\":\"fr-FR\"}]}<\/script>\n<!-- \/ Yoast SEO plugin. -->","yoast_head_json":{"title":"Nouvel Habitant - Vivre \u00e0 Orgueil - Tarn-et-Garonne","description":"Vivre \u00e0 Orgueil - Tarn-et-Garonne - Nouvel Habitant","robots":{"index":"index","follow":"follow","max-snippet":"max-snippet:-1","max-image-preview":"max-image-preview:large","max-video-preview":"max-video-preview:-1"},"canonical":"https:\/\/jvillain.fr\/?page_id=1090","og_locale":"fr_FR","og_type":"article","og_title":"Nouvel Habitant - Vivre \u00e0 Orgueil - Tarn-et-Garonne","og_description":"Vivre \u00e0 Orgueil - Tarn-et-Garonne - Nouvel Habitant","og_url":"https:\/\/jvillain.fr\/?page_id=1090","og_site_name":"Vivre \u00e0 Orgueil - Tarn-et-Garonne","article_modified_time":"2025-09-16T15:48:12+00:00","twitter_card":"summary_large_image","twitter_misc":{"Dur\u00e9e de lecture estim\u00e9e":"5 minutes"},"schema":{"@context":"https:\/\/schema.org","@graph":[{"@type":"WebPage","@id":"https:\/\/jvillain.fr\/?page_id=1090","url":"https:\/\/jvillain.fr\/?page_id=1090","name":"Nouvel Habitant - Vivre \u00e0 Orgueil - Tarn-et-Garonne","isPartOf":{"@id":"https:\/\/jvillain.fr\/#website"},"datePublished":"2025-08-15T22:30:59+00:00","dateModified":"2025-09-16T15:48:12+00:00","description":"Vivre \u00e0 Orgueil - Tarn-et-Garonne - Nouvel Habitant","breadcrumb":{"@id":"https:\/\/jvillain.fr\/?page_id=1090#breadcrumb"},"inLanguage":"fr-FR","potentialAction":[{"@type":"ReadAction","target":["https:\/\/jvillain.fr\/?page_id=1090"]}]},{"@type":"BreadcrumbList","@id":"https:\/\/jvillain.fr\/?page_id=1090#breadcrumb","itemListElement":[{"@type":"ListItem","position":1,"name":"Accueil","item":"https:\/\/jvillain.fr\/"},{"@type":"ListItem","position":2,"name":"Vivre \u00e0 Orgueil &#8211; Tarn-et-Garonne","item":"https:\/\/jvillain.fr\/"},{"@type":"ListItem","position":3,"name":"Nouvel Habitant"}]},{"@type":"WebSite","@id":"https:\/\/jvillain.fr\/#website","url":"https:\/\/jvillain.fr\/","name":"Vivre \u00e0 Orgueil - Tarn-et-Garonne","description":"Site personnel sur le village de Orgueil (82)","potentialAction":[{"@type":"SearchAction","target":{"@type":"EntryPoint","urlTemplate":"https:\/\/jvillain.fr\/?s={search_term_string}"},"query-input":{"@type":"PropertyValueSpecification","valueRequired":true,"valueName":"search_term_string"}}],"inLanguage":"fr-FR"}]}},"featured_image_src":null,"featured_image_src_square":null,"_links":{"self":[{"href":"https:\/\/jvillain.fr\/index.php?rest_route=\/wp\/v2\/pages\/1090","targetHints":{"allow":["GET"]}}],"collection":[{"href":"https:\/\/jvillain.fr\/index.php?rest_route=\/wp\/v2\/pages"}],"about":[{"href":"https:\/\/jvillain.fr\/index.php?rest_route=\/wp\/v2\/types\/page"}],"author":[{"embeddable":true,"href":"https:\/\/jvillain.fr\/index.php?rest_route=\/wp\/v2\/users\/1"}],"replies":[{"embeddable":true,"href":"https:\/\/jvillain.fr\/index.php?rest_route=%2Fwp%2Fv2%2Fcomments&post=1090"}],"version-history":[{"count":0,"href":"https:\/\/jvillain.fr\/index.php?rest_route=\/wp\/v2\/pages\/1090\/revisions"}],"up":[{"embeddable":true,"href":"https:\/\/jvillain.fr\/index.php?rest_route=\/wp\/v2\/pages\/2"}],"wp:attachment":[{"href":"https:\/\/jvillain.fr\/index.php?rest_route=%2Fwp%2Fv2%2Fmedia&parent=1090"}],"curies":[{"name":"wp","href":"https:\/\/api.w.org\/{rel}","templated":true}]}}