{"id":1112,"date":"2025-08-17T18:54:43","date_gmt":"2025-08-17T16:54:43","guid":{"rendered":"https:\/\/jvillain.fr\/?page_id=1112"},"modified":"2025-09-04T16:55:17","modified_gmt":"2025-09-04T14:55:17","slug":"tourisme-activites-ludiques-et-sympathiques","status":"publish","type":"page","link":"https:\/\/jvillain.fr\/?page_id=1112","title":{"rendered":"Tourisme, Activit\u00e9s Ludiques et Sympathiques"},"content":{"rendered":"\n<p>Pour tout connaitre sur le tourisme dans notre d\u00e9partement, visitez le site internet du tourisme d\u00e9partemental : <a href=\"https:\/\/www.tourisme-tarnetgaronne.fr\" target=\"_blank\" rel=\"noreferrer noopener\">http:\/\/www.tourisme-tarnetgaronne.fr\/<\/a>  et pour le tourisme dans notre communaut\u00e9 de communes allez ici : <a href=\"https:\/\/tourisme.grandsud82.fr\/\" target=\"_blank\" rel=\"noreferrer noopener\">https:\/\/tourisme.grandsud82.fr\/<\/a><\/p>\n\n\n\n<hr class=\"wp-block-separator has-alpha-channel-opacity\"\/>\n\n\n\n<details class=\"wp-block-details is-layout-flow wp-block-details-is-layout-flow\"><summary><strong>Que faire dans la r\u00e9gion<\/strong>: promenade, sports, mus\u00e9es, cin\u00e9mas, amusements pour petits et grands, etc. un bref r\u00e9sum\u00e9 des activit\u00e9s proche du village<br>Cliquez pour \u00e9tendre le bloc<\/summary>\n<p><\/p>\n\n\n\n<p id=\"block-3ac8dc28-240e-4b5e-ada0-4c1f5e7b64bc\"><strong><em>A moins de 30 minutes du village:<\/em><\/strong><\/p>\n\n\n\n<ul id=\"block-f4176800-569e-4d5b-9a65-a43e7301f989\" class=\"wp-block-list\">\n<li><strong>AGRIP Aventure<\/strong> : des parcours dans les arbres pour les petits (taille minimum 128 cm) et les grands. Pas besoin d&rsquo;\u00eatre trop sportif, parole de webmaster pas sportif, mais un petit peu d&rsquo;effort et on fait le plein de fou-rires. C&rsquo;est dans la for\u00eat de Montech, pas loin de chez nous, pour tout renseignement <a href=\"https:\/\/www.agrip-aventure.fr\/\" target=\"_blank\" rel=\"noreferrer noopener\">https:\/\/www.agrip-aventure.fr\/<\/a><\/li>\n\n\n\n<li>Au m\u00eame endroit que Agrip aventure vous avez des d\u00e9parts de <strong>parcours d&rsquo;orientation<\/strong>. Id\u00e9al pour se promener en famille dans la for\u00eat<\/li>\n\n\n\n<li><strong>A Montech<\/strong> n&rsquo;oubliez pas d&rsquo;aller visiter la pente d&rsquo;eau, un ouvrage unique en Europe. Vous pouvez aussi la visiter en p\u00e9niche: <a href=\"https:\/\/www.pentedeaudemontech.fr\/\" target=\"_blank\" rel=\"noreferrer noopener\">https:\/\/www.pentedeaudemontech.fr\/<\/a><\/li>\n\n\n\n<li><strong>A Montauban plein de choses \u00e0 visiter<\/strong> : le mus\u00e9e d&rsquo;histoire naturelle et le mus\u00e9e Ingres mais aussi le mus\u00e9e du jouet, le mus\u00e9e de la r\u00e9sistance et de la d\u00e9portation, la Place Nationale, la cath\u00e9drale, etc. Toutes les informations sur <a href=\"https:\/\/www.montauban-tourisme.com\/decouvrir\/\" target=\"_blank\" rel=\"noreferrer noopener\">le site Internet du grand Montauban<\/a><\/li>\n\n\n\n<li><strong>Pour les jours de pluie ou quand il fait trop chaud<\/strong> <strong>ou si vous aimez vous amuser<\/strong>, tentez le bowling, c&rsquo;est \u00e0 Montauban route du Nord : <a href=\"https:\/\/bowling-montauban.com\/\" target=\"_blank\" rel=\"noreferrer noopener\">https:\/\/bowling-montauban.com<\/a>, ou Game Zone \u00e0 Montauban Chemin de Matras : <a href=\"https:\/\/www.gamezone-montauban.com\/\" target=\"_blank\" rel=\"noreferrer noopener\">https:\/\/www.gamezone-montauban.com<\/a> ou le 199 \u00e0 Albasud : <a href=\"https:\/\/www.le199.fr\/\" target=\"_blank\" rel=\"noreferrer noopener\">https:\/\/www.le199.fr<\/a><\/li>\n\n\n\n<li><strong>Pour le cin\u00e9ma<\/strong> vous pouvez aller \u00e0 Fronton (Cin\u00e9ma communal mais il est dans les circuits normaux et programme des films r\u00e9cents, pour plus d&rsquo;informations cliquez <a href=\"https:\/\/www.mairie-fronton.fr\/culture-loisirs\/equipements-culturels\/cinema-cinefronton\" target=\"_blank\" rel=\"noreferrer noopener\">ICI<\/a>), \u00e0 Labastide-Saint-Pierre (Salle de la N\u00e9grette), \u00e0 Bressols, ou \u00e0 Montauban o\u00f9 vous trouverez plusieurs cin\u00e9mas<\/li>\n\n\n\n<li><strong>Pour se rafraichir, apprendre \u00e0 nager, s&rsquo;amuser<\/strong> : vous avez un complexe aquatique \u00e0 Montauban : <a href=\"https:\/\/ingreo.fr\/\">Ingr\u00e9o<\/a> mais vous pouvez aussi aller au <a href=\"https:\/\/basedeloisirsmonclar.com\/\">Lac de Monclar-de-Quercy<\/a> ou \u00e0 Villemur-sur-Tarn au <a href=\"https:\/\/www.complexedebernadou.com\/\">Complexe de Bernadou<\/a> <\/li>\n<\/ul>\n\n\n\n<p id=\"block-a808d9ea-4b8b-4895-a5b6-c09731521f48\"><strong><em>A moins de deux heures du village :<\/em><\/strong><\/p>\n\n\n\n<ul class=\"wp-block-list\">\n<li>Dans le Lot il y a des grottes, des gouffres et des cavernes : le Gouffre de Padirac, les grottes de Pech Merle, Carbonni\u00e8res, Cougnac, Lacave, &#8230; <strong>mais dans le Tarn-et-Garonne il y a aussi une grotte sympathique \u00e0 visiter<\/strong> : <a href=\"https:\/\/grottedubosc.com\/\">La Grotte du Bosc<\/a>, c&rsquo;est \u00e0 cot\u00e9 de Saint-Antonin-Noble-Val, un village tr\u00e8s joli o\u00f9 vous pourrez trouver des randonn\u00e9es \u00e0 faire mais aussi des loueurs de cano\u00e9 pour descendre l&rsquo;Aveyron et des spots d&rsquo;escalade<\/li>\n\n\n\n<li><strong>Vous voulez faire du patin \u00e0 glace<\/strong> : vous avez une <a href=\"https:\/\/patinoireblagnac.fr\/\">patinoi<\/a><a href=\"https:\/\/patinoireblagnac.fr\/\" target=\"_blank\" rel=\"noreferrer noopener\">r<\/a><a href=\"https:\/\/patinoireblagnac.fr\/\">e \u00e0 Blagnac<\/a> et <a href=\"https:\/\/metropole.toulouse.fr\/annuaire?key=&amp;field_thematique%5B%5D=946&amp;field_type%5B%5D=1003&amp;field_communes%5B%5D=182\" target=\"_blank\" rel=\"noreferrer noopener\">deux \u00e0 Toulouse<\/a>. Pour vous rendre \u00e0 Toulouse ou \u00e0 Blagnac vous pouvez prendre le bus (le HOP Villemur-Toulouse ou un bus autre) \u00e0 Fronton et depuis le terminus vous avez le m\u00e9tro et des acc\u00e8s aux bus ou aux trams (horaires et lignes de bus au d\u00e9part de Fronton cliquez <a href=\"https:\/\/www.tisseo.fr\/calculateur\" target=\"_blank\" rel=\"noreferrer noopener\">ICI<\/a>)<\/li>\n\n\n\n<li>Vous voulez d\u00e9couvrir comment <strong>fonctionne une centrale hydro\u00e9lectrique<\/strong>, une passe \u00e0 Poisson, comment l&rsquo;\u00e9lectricit\u00e9 est distribu\u00e9e : allez v<strong>isiter la centrale EDF du Bazacle et ses espaces d&rsquo;exposition<\/strong>s. C&rsquo;est \u00e0 Toulouse, cliquez <a href=\"https:\/\/www.edf.fr\/groupe-edf\/agir-en-entreprise-responsable\/fondation-et-mecenat-patrimoine-sport\/espaces-edf-bazacle\/presentation-des-espaces\">ICI<\/a> pour plus d&rsquo;informations<\/li>\n\n\n\n<li><strong>Le mus\u00e9e de l&rsquo;\u00e9cole publique<\/strong>, c&rsquo;est \u00e0 Saint-Clar (dans le Gers), cliquez <a href=\"https:\/\/www.musee-ecole-publique.fr\/\">ICI<\/a><\/li>\n\n\n\n<li><strong>Visiter Paris c&rsquo;est possible \u00e0 Va\u00efssac (82)<\/strong> au Petit-Paris parc de la miniature, cliquez <a href=\"https:\/\/www.petitparisparc.com\/\">ICI<\/a><\/li>\n\n\n\n<li><strong>Voir des animaux, se promener en voiture dans une r\u00e9serve<\/strong>, assister \u00e0 un spectacle d&rsquo;otaries .. c&rsquo;est possible \u00e0 African Safari. C&rsquo;est \u00e0 Plaisance du Touch pas loin de Blagnac. Pour plus d&rsquo;informations: <a href=\"http:\/\/www.zoo-africansafari.com\/\" target=\"_blank\" rel=\"noreferrer noopener\">http:\/\/www.zoo-africansafari.com\/<\/a><\/li>\n\n\n\n<li>Vous voulez <strong>visiter un village gaulois<\/strong> et d\u00e9couvrir comment nos anc\u00eatres vivez ? N&rsquo;h\u00e9sitez pas c&rsquo;est \u00e0 Saint-Julien \u00e0 cot\u00e9 de Toulouse: <a href=\"http:\/\/www.archeosite-gaulois.asso.fr\/\" target=\"_blank\" rel=\"noreferrer noopener\">http:\/\/www.archeosite-gaulois.asso.fr\/<\/a><\/li>\n\n\n\n<li>Vous aimez <strong>les parcs d&rsquo;attractions<\/strong>, le parc Walygator Sud-Ouest \u00e0 cot\u00e9 Agen (47) vous attends. D\u00e9couvrez ce parc en cliquant <a href=\"https:\/\/www.walygatorparc.com\/sudouest\" target=\"_blank\" rel=\"noreferrer noopener\">ICI<\/a><\/li>\n\n\n\n<li><strong>Vous est fan de l&rsquo;espace ou voulez d\u00e9couvrir les myst\u00e8res de l&rsquo;univers<\/strong>, n&rsquo;h\u00e9sitez pas visitez la cit\u00e9 de l&rsquo;espace \u00e0 Toulouse. Toutes les informations en cliquant <a href=\"https:\/\/www.cite-espace.com\/\" target=\"_blank\" rel=\"noreferrer noopener\">ICI<\/a><\/li>\n\n\n\n<li><strong>Vous voulez tout connaitre sur les avions qui sont n\u00e9s \u00e0 Toulouse<\/strong>, visitez le mus\u00e9e a\u00e9ronautique A\u00e9roscopia : <a href=\"https:\/\/www.aeroscopia.fr\/\" target=\"_blank\" rel=\"noreferrer noopener\">https:\/\/www.aeroscopia.fr\/<\/a> , \u00e0 cot\u00e9 vous pourrez visitez Les Ailes Anciennes et coupler votre visite au mus\u00e9e avec une visite des usines Airbus.<\/li>\n\n\n\n<li><strong>A Toulouse vous avez des mus\u00e9es<\/strong> : Mus\u00e9e d&rsquo;histoire naturelle, tr\u00e8s sympathique \u00e0 visiter et vous pouvez y voir un morceau de la m\u00e9t\u00e9orite Orgueil, le Mus\u00e9e des Augustins, le mus\u00e9e Saint-Raymond, le mus\u00e9e d&rsquo;Arts Modernes Les Abattoirs, &#8230; pour en savoir plus cliquez <a href=\"https:\/\/www.toulouse-tourisme.com\/a-voir-a-faire\/musees-et-lieux-exposition\/\">ICI<\/a><\/li>\n\n\n\n<li><strong>La ville d&rsquo;Albi<\/strong> est 1h00 de route du village, <strong>la Cath\u00e9drale<\/strong> est magnifique mais vous avez aussi le Mus\u00e9e Toulouse-Lautrec et \u00e0 15 minutes d&rsquo;Albi vous pouvez visitez le <strong><a href=\"https:\/\/musees.tarn.fr\/nos-musees\/musee-mine-departemental\">mus\u00e9e de la Mine<\/a><\/strong>, il est \u00e0 Cagnac-les-Mines, vous pouvez visiter une mine (reconstitu\u00e9e) ce qui permet de d\u00e9couvrir ce que vivaient les mineurs. A proximit\u00e9 d&rsquo;Albi vous avez aussi le <strong><a href=\"https:\/\/musee-saut-du-tarn.com\/\">Mus\u00e9e du Saut-du-Tarn<\/a><\/strong> \u00e0 Saint-Ju\u00e9ry et la <a href=\"https:\/\/www.tourisme-tarn.com\/patrimoine-culturel\/centrale-hydroelectrique\/\">centrale hydro\u00e9lectrique EDF d&rsquo;Embialet<\/a> qui en g\u00e9n\u00e9ral se visite de juillet \u00e0 septembre (renseignements au Mus\u00e9e du Saut-du-Tarn)<\/li>\n<\/ul>\n<\/details>\n\n\n\n<hr class=\"wp-block-separator has-alpha-channel-opacity\"\/>\n\n\n\n<ul class=\"wp-block-list\">\n<li><strong>Le Tarn-et-Garonne vu du ciel<\/strong> : <a href=\"https:\/\/goo.gl\/photos\/oX9MGjTKG2J1nitw6\" target=\"_blank\" rel=\"noreferrer noopener\">un album de photographies prises en ULM<\/a>. Les photos sont prises depuis l&rsquo;ULM de l&rsquo;a\u00e9roclub Montalbanais pilot\u00e9 par mon fils<\/li>\n\n\n\n<li><strong>Visitez le Village d&rsquo;Orgueil \u00e0 travers des cartes postales anciennes<\/strong> : cliquez <a href=\"https:\/\/goo.gl\/photos\/rTjFfhT1txwhjzw68\">ICI<\/a>.<\/li>\n\n\n\n<li>Visiter le Tarn-et-Garonne \u00e0 travers des cartes postales anciennes des monuments aux morts : cliquez <a href=\"https:\/\/photos.app.goo.gl\/SKbX8Nvb4MAuZN6R7\">ICI<\/a> (et il existe aussi des monuments aux combattants de la guerre 1870 cliquez <a href=\"https:\/\/goo.gl\/photos\/oX9MGjTKG2J1nitw6\">ICI<\/a>).<\/li>\n<\/ul>\n\n\n\n<hr class=\"wp-block-separator has-alpha-channel-opacity\"\/>\n\n\n\n<p><strong>Un relev\u00e9 de tous les monuments aux morts, m\u00e9moriaux, cimeti\u00e8res militaires, n\u00e9cropoles, etc.<\/strong><\/p>\n\n\n\n<p>pour le devoir de m\u00e9moire mais aussi tr\u00e8s utile pour les g\u00e9n\u00e9alogies: cliquez <a href=\"http:\/\/www.memorialgenweb.org\/\" target=\"_blank\" rel=\"noreferrer noopener\">ICI<\/a> . N&rsquo;h\u00e9sitez pas \u00e0 participer \u00e0 l&rsquo;effort des b\u00e9n\u00e9voles qui animent ce site, si vous avez un peu de temps faites vous m\u00eames des relev\u00e9s et alimentez la base de donn\u00e9es. Le monument aux morts de notre village y est r\u00e9pertori\u00e9, si vous avez des informations sur ces \u00ab\u00a0morts pour la France\u00a0\u00bb de nos villages: photos, g\u00e9n\u00e9alogie, \u2026 n&rsquo;h\u00e9sitez pas \u00e0 contacter le webmaster.<\/p>\n\n\n\n<hr class=\"wp-block-separator has-alpha-channel-opacity\"\/>\n\n\n\n<p><strong>Des photographies des clochers de France<\/strong><\/p>\n\n\n\n<p>cliquez <a href=\"https:\/\/clochers.org\">ICI<\/a>, le clocher de notre village y est repr\u00e9sent\u00e9.<\/p>\n\n\n\n<hr class=\"wp-block-separator has-alpha-channel-opacity\"\/>\n\n\n\n<p><strong>Les villages voisins<\/strong><\/p>\n\n\n\n<ul class=\"wp-block-list\">\n<li>Le village de Labastide Saint-Pierre est en ligne sur Internet, pour visiter le site cliquez <a href=\"http:\/\/www.labastide-st-pierre.fr\/\">ICI<\/a><\/li>\n\n\n\n<li>Le village de Nohic est en ligne sur internet, pour visiter le site, cliquez <a href=\"https:\/\/www.nohic.fr\/\">ICI<\/a><\/li>\n\n\n\n<li>Le village de Villebrumier est en ligne, pour visiter le site, cliquez <a href=\"http:\/\/www.villebrumier.fr\/\">ICI<\/a><\/li>\n\n\n\n<li>Le village de Reyni\u00e8s est en ligne, pour visiter le site, cliquez <a href=\"http:\/\/www.reynies.fr\/\">ICI<\/a><\/li>\n<\/ul>\n\n\n\n<hr class=\"wp-block-separator has-alpha-channel-opacity\"\/>\n","protected":false},"excerpt":{"rendered":"<p>Pour tout connaitre sur le tourisme dans notre d\u00e9partement, visitez le site internet du tourisme d\u00e9partemental : http:\/\/www.tourisme-tarnetgaronne.fr\/ et pour le tourisme dans notre communaut\u00e9 de communes allez ici : https:\/\/tourisme.grandsud82.fr\/ Un relev\u00e9 de tous les monuments aux morts, m\u00e9moriaux, cimeti\u00e8res militaires, n\u00e9cropoles, etc. pour le devoir de m\u00e9moire mais aussi tr\u00e8s utile pour les &#8230; <a title=\"Tourisme, Activit\u00e9s Ludiques et Sympathiques\" class=\"read-more\" href=\"https:\/\/jvillain.fr\/?page_id=1112\" aria-label=\"En savoir plus sur Tourisme, Activit\u00e9s Ludiques et Sympathiques\">Lire la suite<\/a><\/p>\n","protected":false},"author":1,"featured_media":0,"parent":2,"menu_order":5,"comment_status":"closed","ping_status":"closed","template":"","meta":{"pgc_sgb_lightbox_settings":"","footnotes":""},"class_list":["post-1112","page","type-page","status-publish"],"yoast_head":"<!-- This site is optimized with the Yoast SEO plugin v27.5 - https:\/\/yoast.com\/product\/yoast-seo-wordpress\/ -->\n<title>Tourisme, Activit\u00e9s Ludiques et Sympathiques - Vivre \u00e0 Orgueil - Tarn-et-Garonne<\/title>\n<meta name=\"description\" content=\"Vivre \u00e0 Orgueil - Tarn-et-Garonne - Tourisme, Activit\u00e9s Ludiques et Sympathiques\" \/>\n<meta name=\"robots\" content=\"index, follow, max-snippet:-1, max-image-preview:large, max-video-preview:-1\" \/>\n<link rel=\"canonical\" href=\"https:\/\/jvillain.fr\/?page_id=1112\" \/>\n<meta property=\"og:locale\" content=\"fr_FR\" \/>\n<meta property=\"og:type\" content=\"article\" \/>\n<meta property=\"og:title\" content=\"Tourisme, Activit\u00e9s Ludiques et Sympathiques - Vivre \u00e0 Orgueil - Tarn-et-Garonne\" \/>\n<meta property=\"og:description\" content=\"Vivre \u00e0 Orgueil - Tarn-et-Garonne - Tourisme, Activit\u00e9s Ludiques et Sympathiques\" \/>\n<meta property=\"og:url\" content=\"https:\/\/jvillain.fr\/?page_id=1112\" \/>\n<meta property=\"og:site_name\" content=\"Vivre \u00e0 Orgueil - Tarn-et-Garonne\" \/>\n<meta property=\"article:modified_time\" content=\"2025-09-04T14:55:17+00:00\" \/>\n<meta name=\"twitter:card\" content=\"summary_large_image\" \/>\n<meta name=\"twitter:label1\" content=\"Dur\u00e9e de lecture estim\u00e9e\" \/>\n\t<meta name=\"twitter:data1\" content=\"6 minutes\" \/>\n<script type=\"application\/ld+json\" class=\"yoast-schema-graph\">{\"@context\":\"https:\\\/\\\/schema.org\",\"@graph\":[{\"@type\":\"WebPage\",\"@id\":\"https:\\\/\\\/jvillain.fr\\\/?page_id=1112\",\"url\":\"https:\\\/\\\/jvillain.fr\\\/?page_id=1112\",\"name\":\"Tourisme, Activit\u00e9s Ludiques et Sympathiques - Vivre \u00e0 Orgueil - Tarn-et-Garonne\",\"isPartOf\":{\"@id\":\"https:\\\/\\\/jvillain.fr\\\/#website\"},\"datePublished\":\"2025-08-17T16:54:43+00:00\",\"dateModified\":\"2025-09-04T14:55:17+00:00\",\"description\":\"Vivre \u00e0 Orgueil - Tarn-et-Garonne - Tourisme, Activit\u00e9s Ludiques et Sympathiques\",\"breadcrumb\":{\"@id\":\"https:\\\/\\\/jvillain.fr\\\/?page_id=1112#breadcrumb\"},\"inLanguage\":\"fr-FR\",\"potentialAction\":[{\"@type\":\"ReadAction\",\"target\":[\"https:\\\/\\\/jvillain.fr\\\/?page_id=1112\"]}]},{\"@type\":\"BreadcrumbList\",\"@id\":\"https:\\\/\\\/jvillain.fr\\\/?page_id=1112#breadcrumb\",\"itemListElement\":[{\"@type\":\"ListItem\",\"position\":1,\"name\":\"Accueil\",\"item\":\"https:\\\/\\\/jvillain.fr\\\/\"},{\"@type\":\"ListItem\",\"position\":2,\"name\":\"Vivre \u00e0 Orgueil &#8211; Tarn-et-Garonne\",\"item\":\"https:\\\/\\\/jvillain.fr\\\/\"},{\"@type\":\"ListItem\",\"position\":3,\"name\":\"Tourisme, Activit\u00e9s Ludiques et Sympathiques\"}]},{\"@type\":\"WebSite\",\"@id\":\"https:\\\/\\\/jvillain.fr\\\/#website\",\"url\":\"https:\\\/\\\/jvillain.fr\\\/\",\"name\":\"Vivre \u00e0 Orgueil - Tarn-et-Garonne\",\"description\":\"Site personnel sur le village de Orgueil (82)\",\"potentialAction\":[{\"@type\":\"SearchAction\",\"target\":{\"@type\":\"EntryPoint\",\"urlTemplate\":\"https:\\\/\\\/jvillain.fr\\\/?s={search_term_string}\"},\"query-input\":{\"@type\":\"PropertyValueSpecification\",\"valueRequired\":true,\"valueName\":\"search_term_string\"}}],\"inLanguage\":\"fr-FR\"}]}<\/script>\n<!-- \/ Yoast SEO plugin. -->","yoast_head_json":{"title":"Tourisme, Activit\u00e9s Ludiques et Sympathiques - Vivre \u00e0 Orgueil - Tarn-et-Garonne","description":"Vivre \u00e0 Orgueil - Tarn-et-Garonne - Tourisme, Activit\u00e9s Ludiques et Sympathiques","robots":{"index":"index","follow":"follow","max-snippet":"max-snippet:-1","max-image-preview":"max-image-preview:large","max-video-preview":"max-video-preview:-1"},"canonical":"https:\/\/jvillain.fr\/?page_id=1112","og_locale":"fr_FR","og_type":"article","og_title":"Tourisme, Activit\u00e9s Ludiques et Sympathiques - Vivre \u00e0 Orgueil - Tarn-et-Garonne","og_description":"Vivre \u00e0 Orgueil - Tarn-et-Garonne - Tourisme, Activit\u00e9s Ludiques et Sympathiques","og_url":"https:\/\/jvillain.fr\/?page_id=1112","og_site_name":"Vivre \u00e0 Orgueil - Tarn-et-Garonne","article_modified_time":"2025-09-04T14:55:17+00:00","twitter_card":"summary_large_image","twitter_misc":{"Dur\u00e9e de lecture estim\u00e9e":"6 minutes"},"schema":{"@context":"https:\/\/schema.org","@graph":[{"@type":"WebPage","@id":"https:\/\/jvillain.fr\/?page_id=1112","url":"https:\/\/jvillain.fr\/?page_id=1112","name":"Tourisme, Activit\u00e9s Ludiques et Sympathiques - Vivre \u00e0 Orgueil - Tarn-et-Garonne","isPartOf":{"@id":"https:\/\/jvillain.fr\/#website"},"datePublished":"2025-08-17T16:54:43+00:00","dateModified":"2025-09-04T14:55:17+00:00","description":"Vivre \u00e0 Orgueil - Tarn-et-Garonne - Tourisme, Activit\u00e9s Ludiques et Sympathiques","breadcrumb":{"@id":"https:\/\/jvillain.fr\/?page_id=1112#breadcrumb"},"inLanguage":"fr-FR","potentialAction":[{"@type":"ReadAction","target":["https:\/\/jvillain.fr\/?page_id=1112"]}]},{"@type":"BreadcrumbList","@id":"https:\/\/jvillain.fr\/?page_id=1112#breadcrumb","itemListElement":[{"@type":"ListItem","position":1,"name":"Accueil","item":"https:\/\/jvillain.fr\/"},{"@type":"ListItem","position":2,"name":"Vivre \u00e0 Orgueil &#8211; Tarn-et-Garonne","item":"https:\/\/jvillain.fr\/"},{"@type":"ListItem","position":3,"name":"Tourisme, Activit\u00e9s Ludiques et Sympathiques"}]},{"@type":"WebSite","@id":"https:\/\/jvillain.fr\/#website","url":"https:\/\/jvillain.fr\/","name":"Vivre \u00e0 Orgueil - Tarn-et-Garonne","description":"Site personnel sur le village de Orgueil (82)","potentialAction":[{"@type":"SearchAction","target":{"@type":"EntryPoint","urlTemplate":"https:\/\/jvillain.fr\/?s={search_term_string}"},"query-input":{"@type":"PropertyValueSpecification","valueRequired":true,"valueName":"search_term_string"}}],"inLanguage":"fr-FR"}]}},"featured_image_src":null,"featured_image_src_square":null,"_links":{"self":[{"href":"https:\/\/jvillain.fr\/index.php?rest_route=\/wp\/v2\/pages\/1112","targetHints":{"allow":["GET"]}}],"collection":[{"href":"https:\/\/jvillain.fr\/index.php?rest_route=\/wp\/v2\/pages"}],"about":[{"href":"https:\/\/jvillain.fr\/index.php?rest_route=\/wp\/v2\/types\/page"}],"author":[{"embeddable":true,"href":"https:\/\/jvillain.fr\/index.php?rest_route=\/wp\/v2\/users\/1"}],"replies":[{"embeddable":true,"href":"https:\/\/jvillain.fr\/index.php?rest_route=%2Fwp%2Fv2%2Fcomments&post=1112"}],"version-history":[{"count":0,"href":"https:\/\/jvillain.fr\/index.php?rest_route=\/wp\/v2\/pages\/1112\/revisions"}],"up":[{"embeddable":true,"href":"https:\/\/jvillain.fr\/index.php?rest_route=\/wp\/v2\/pages\/2"}],"wp:attachment":[{"href":"https:\/\/jvillain.fr\/index.php?rest_route=%2Fwp%2Fv2%2Fmedia&parent=1112"}],"curies":[{"name":"wp","href":"https:\/\/api.w.org\/{rel}","templated":true}]}}