{"id":2,"date":"2025-08-15T22:35:29","date_gmt":"2025-08-15T20:35:29","guid":{"rendered":"https:\/\/jvillain.fr\/?page_id=2"},"modified":"2025-08-15T22:35:31","modified_gmt":"2025-08-15T20:35:31","slug":"page-d-exemple","status":"publish","type":"page","link":"https:\/\/jvillain.fr\/","title":{"rendered":"Vivre \u00e0 Orgueil &#8211; Tarn-et-Garonne"},"content":{"rendered":"\n<p><strong>Orgueil est un petit village, 1721 habitants tout de m\u00eame&nbsp;(source INSEE, population l\u00e9gale au 01\/01\/2021), du Tarn-et-Garonne en plein pays du Frontonnais<\/strong>.<\/p>\n\n\n\n<p>C\u2019est un village jeune, plus de 170 enfants fr\u00e9quentent son \u00e9cole primaire et 80% de la population \u00e0 moins de 60 ans, accueillant et, comme beaucoup de villages, ses habitants ne sont plus agriculteurs mais travaillent le plus souvent dans les bourgades voisines : dans le chef lieu du d\u00e9partement, Montauban est tout proche, ou dans la m\u00e9tropole r\u00e9gionale, Toulouse la ville rose.<\/p>\n\n\n\n<p>Orgueil vit, se d\u00e9veloppe, fait la f\u00eate, joue et il est un havre o\u00f9 il fait bon vivre.<\/p>\n\n\n\n<p>Ce site internet, non officiel, vous pr\u00e9sente Orgueil, son histoire,&nbsp;<strong>sa m\u00e9t\u00e9orite<\/strong>&nbsp;qui l\u2019a rendu c\u00e9l\u00e8bre, ses services publics mais aussi des albums de photos et de cartes postales anciennes, les associations, \u2026 Il vous parle d\u2019environnement (ah! Le tri s\u00e9lectif c\u2019est utile mais pas facile!), vous donne des liens vers des sites ludiques, des sites de l\u2019\u00e9tat et des collectivit\u00e9s locales, des sites administratifs tout autant que des liens vers les sites des villages voisins ou des sites que le webmaster a trouv\u00e9 int\u00e9ressants.<\/p>\n\n\n\n<p>La page \u00ab\u00a0<a href=\"https:\/\/village.jvillain.eu\/news\/news.aspx\">Actual<\/a><a href=\"https:\/\/orgueil82.jvillain.fr\/?page_id=1255\" target=\"_blank\" rel=\"noreferrer noopener\">i<\/a><a href=\"https:\/\/village.jvillain.eu\/news\/news.aspx\">t\u00e9s <\/a><a href=\"https:\/\/orgueil82.jvillain.fr\/?page_id=1255\">V<\/a><a href=\"https:\/\/village.jvillain.eu\/news\/news.aspx\">illage<\/a>\u00a0\u00bb vous donne un aper\u00e7u de certains \u00e9v\u00e8nements r\u00e9cents.\u00a0<\/p>\n\n\n\n<p>Quoique situ\u00e9 dans une contr\u00e9e viticole, les C\u00f4tes du Frontonnais, ce n&rsquo;est pas pour son vin, pourtant excellent, qu&rsquo;ORGUEIL<strong>\u00a0est connu dans le monde entier<\/strong>\u00a0<strong>mais pour sa \u00ab m\u00e9t\u00e9orite \u00bb.<br>Cette m\u00e9t\u00e9orite\u00a0<\/strong>qui traversa le ciel Fran\u00e7ais le 14 mai 1864 et vint s&rsquo;\u00e9craser dans un champ de la commune d&rsquo;Orgueil est une m\u00e9t\u00e9orite d&rsquo;une esp\u00e8ce tr\u00e8s rare, seulement 7 connues dans le monde, celle d&rsquo;Orgueil \u00e9tant la plus grosse.<br>Elle contenait un gaz rare, le XENON-HL, elle provient d&rsquo;une \u00e9toile situ\u00e9e en dehors de notre syst\u00e8me solaire, syst\u00e8me qui n&rsquo;existait d&rsquo;ailleurs pas quand elle s&rsquo;est form\u00e9e. La m\u00e9t\u00e9orite contenait des poussi\u00e8res de diamants, ce qui a fait comprendre que des diamants peuvent se former dans l&rsquo;espace inter-stellaire.<br>Des fragments de cette m\u00e9t\u00e9orite ont \u00e9t\u00e9 envoy\u00e9s dans le monde entier pour servir aux \u00e9tudes scientifiques, le Mus\u00e9e National d&rsquo;Histoire Naturelle de Paris conserve un morceau de 11 Kg dans sa collection.<br>L&rsquo;\u00e9volution des instruments scientifiques permet des \u00e9tudes plus pouss\u00e9es des pierres et la m\u00e9t\u00e9orite d&rsquo;Orgueil \u00e9tudi\u00e9e plus en d\u00e9tail semble permettre d&rsquo;expliquer la naissance de la vie sur terre! Sur la toile on peut trouver nombre de sites parlant , montrant ou d\u00e9crivant cette m\u00e9t\u00e9orite (allez sur la page \u00ab\u00a0<a href=\"https:\/\/jvillain.fr\/?page_id=1077\" target=\"_blank\" rel=\"noreferrer noopener\">m\u00e9t\u00e9orite<\/a>\u00a0\u00bb pour avoir tous les liens).\u00a0<strong>Orgueil est encore \u00e9tudi\u00e9e de nos jours!!<\/strong><\/p>\n\n\n\n<p>J\u2019esp\u00e8re que ce site sera, pour vous qui le visitez, une source de renseignements utiles et que vous reviendrez\u00a0 souvent pour en explorer le contenu.\u00a0N&rsquo;oubliez pas non plus de visiter le site officiel du village d&rsquo;Orgueil :\u00a0<a href=\"http:\/\/www.orgueil.fr\/\" target=\"_blank\" rel=\"noreferrer noopener\">http:\/\/www.orgueil.fr<\/a>\u00a0qui vous donne toutes les informations sur la commune : \u00e9lus, horaires d&rsquo;ouverture de la mairie, fonctionnement municipal, d\u00e9marches administratives, service municipaux, associations, animations, projets communaux, etc.<\/p>\n\n\n\n<p>Le Webmaster<\/p>\n","protected":false},"excerpt":{"rendered":"<p>Orgueil est un petit village, 1721 habitants tout de m\u00eame&nbsp;(source INSEE, population l\u00e9gale au 01\/01\/2021), du Tarn-et-Garonne en plein pays du Frontonnais. C\u2019est un village jeune, plus de 170 enfants fr\u00e9quentent son \u00e9cole primaire et 80% de la population \u00e0 moins de 60 ans, accueillant et, comme beaucoup de villages, ses habitants ne sont plus &#8230; <a title=\"Vivre \u00e0 Orgueil &#8211; Tarn-et-Garonne\" class=\"read-more\" href=\"https:\/\/jvillain.fr\/\" aria-label=\"En savoir plus sur Vivre \u00e0 Orgueil &#8211; Tarn-et-Garonne\">Lire la suite<\/a><\/p>\n","protected":false},"author":1,"featured_media":0,"parent":0,"menu_order":0,"comment_status":"closed","ping_status":"open","template":"","meta":{"pgc_sgb_lightbox_settings":"","footnotes":""},"class_list":["post-2","page","type-page","status-publish"],"yoast_head":"<!-- This site is optimized with the Yoast SEO plugin v27.3 - https:\/\/yoast.com\/product\/yoast-seo-wordpress\/ -->\n<title>Vivre \u00e0 Orgueil - Tarn-et-Garonne - Vivre \u00e0 Orgueil - Tarn-et-Garonne<\/title>\n<meta name=\"description\" content=\"Vivre \u00e0 Orgueil - Tarn-et-Garonne - Vivre \u00e0 Orgueil - Tarn-et-Garonne\" \/>\n<meta name=\"robots\" content=\"index, follow, max-snippet:-1, max-image-preview:large, max-video-preview:-1\" \/>\n<link rel=\"canonical\" href=\"https:\/\/jvillain.fr\/\" \/>\n<meta property=\"og:locale\" content=\"fr_FR\" \/>\n<meta property=\"og:type\" content=\"article\" \/>\n<meta property=\"og:title\" content=\"Vivre \u00e0 Orgueil - Tarn-et-Garonne - Vivre \u00e0 Orgueil - Tarn-et-Garonne\" \/>\n<meta property=\"og:description\" content=\"Vivre \u00e0 Orgueil - Tarn-et-Garonne - Vivre \u00e0 Orgueil - Tarn-et-Garonne\" \/>\n<meta property=\"og:url\" content=\"https:\/\/jvillain.fr\/\" \/>\n<meta property=\"og:site_name\" content=\"Vivre \u00e0 Orgueil - Tarn-et-Garonne\" \/>\n<meta property=\"article:modified_time\" content=\"2025-08-15T20:35:31+00:00\" \/>\n<meta name=\"twitter:card\" content=\"summary_large_image\" \/>\n<meta name=\"twitter:label1\" content=\"Dur\u00e9e de lecture estim\u00e9e\" \/>\n\t<meta name=\"twitter:data1\" content=\"3 minutes\" \/>\n<script type=\"application\/ld+json\" class=\"yoast-schema-graph\">{\"@context\":\"https:\\\/\\\/schema.org\",\"@graph\":[{\"@type\":\"WebPage\",\"@id\":\"https:\\\/\\\/jvillain.fr\\\/\",\"url\":\"https:\\\/\\\/jvillain.fr\\\/\",\"name\":\"Vivre \u00e0 Orgueil - Tarn-et-Garonne - Vivre \u00e0 Orgueil - Tarn-et-Garonne\",\"isPartOf\":{\"@id\":\"https:\\\/\\\/jvillain.fr\\\/#website\"},\"datePublished\":\"2025-08-15T20:35:29+00:00\",\"dateModified\":\"2025-08-15T20:35:31+00:00\",\"description\":\"Vivre \u00e0 Orgueil - Tarn-et-Garonne - Vivre \u00e0 Orgueil - Tarn-et-Garonne\",\"breadcrumb\":{\"@id\":\"https:\\\/\\\/jvillain.fr\\\/#breadcrumb\"},\"inLanguage\":\"fr-FR\",\"potentialAction\":[{\"@type\":\"ReadAction\",\"target\":[\"https:\\\/\\\/jvillain.fr\\\/\"]}]},{\"@type\":\"BreadcrumbList\",\"@id\":\"https:\\\/\\\/jvillain.fr\\\/#breadcrumb\",\"itemListElement\":[{\"@type\":\"ListItem\",\"position\":1,\"name\":\"Accueil\",\"item\":\"https:\\\/\\\/jvillain.fr\\\/\"},{\"@type\":\"ListItem\",\"position\":2,\"name\":\"Vivre \u00e0 Orgueil &#8211; Tarn-et-Garonne\"}]},{\"@type\":\"WebSite\",\"@id\":\"https:\\\/\\\/jvillain.fr\\\/#website\",\"url\":\"https:\\\/\\\/jvillain.fr\\\/\",\"name\":\"Vivre \u00e0 Orgueil - Tarn-et-Garonne\",\"description\":\"Site personnel sur le village de Orgueil (82)\",\"potentialAction\":[{\"@type\":\"SearchAction\",\"target\":{\"@type\":\"EntryPoint\",\"urlTemplate\":\"https:\\\/\\\/jvillain.fr\\\/?s={search_term_string}\"},\"query-input\":{\"@type\":\"PropertyValueSpecification\",\"valueRequired\":true,\"valueName\":\"search_term_string\"}}],\"inLanguage\":\"fr-FR\"}]}<\/script>\n<!-- \/ Yoast SEO plugin. -->","yoast_head_json":{"title":"Vivre \u00e0 Orgueil - Tarn-et-Garonne - Vivre \u00e0 Orgueil - Tarn-et-Garonne","description":"Vivre \u00e0 Orgueil - Tarn-et-Garonne - Vivre \u00e0 Orgueil - Tarn-et-Garonne","robots":{"index":"index","follow":"follow","max-snippet":"max-snippet:-1","max-image-preview":"max-image-preview:large","max-video-preview":"max-video-preview:-1"},"canonical":"https:\/\/jvillain.fr\/","og_locale":"fr_FR","og_type":"article","og_title":"Vivre \u00e0 Orgueil - Tarn-et-Garonne - Vivre \u00e0 Orgueil - Tarn-et-Garonne","og_description":"Vivre \u00e0 Orgueil - Tarn-et-Garonne - Vivre \u00e0 Orgueil - Tarn-et-Garonne","og_url":"https:\/\/jvillain.fr\/","og_site_name":"Vivre \u00e0 Orgueil - Tarn-et-Garonne","article_modified_time":"2025-08-15T20:35:31+00:00","twitter_card":"summary_large_image","twitter_misc":{"Dur\u00e9e de lecture estim\u00e9e":"3 minutes"},"schema":{"@context":"https:\/\/schema.org","@graph":[{"@type":"WebPage","@id":"https:\/\/jvillain.fr\/","url":"https:\/\/jvillain.fr\/","name":"Vivre \u00e0 Orgueil - Tarn-et-Garonne - Vivre \u00e0 Orgueil - Tarn-et-Garonne","isPartOf":{"@id":"https:\/\/jvillain.fr\/#website"},"datePublished":"2025-08-15T20:35:29+00:00","dateModified":"2025-08-15T20:35:31+00:00","description":"Vivre \u00e0 Orgueil - Tarn-et-Garonne - Vivre \u00e0 Orgueil - Tarn-et-Garonne","breadcrumb":{"@id":"https:\/\/jvillain.fr\/#breadcrumb"},"inLanguage":"fr-FR","potentialAction":[{"@type":"ReadAction","target":["https:\/\/jvillain.fr\/"]}]},{"@type":"BreadcrumbList","@id":"https:\/\/jvillain.fr\/#breadcrumb","itemListElement":[{"@type":"ListItem","position":1,"name":"Accueil","item":"https:\/\/jvillain.fr\/"},{"@type":"ListItem","position":2,"name":"Vivre \u00e0 Orgueil &#8211; Tarn-et-Garonne"}]},{"@type":"WebSite","@id":"https:\/\/jvillain.fr\/#website","url":"https:\/\/jvillain.fr\/","name":"Vivre \u00e0 Orgueil - Tarn-et-Garonne","description":"Site personnel sur le village de Orgueil (82)","potentialAction":[{"@type":"SearchAction","target":{"@type":"EntryPoint","urlTemplate":"https:\/\/jvillain.fr\/?s={search_term_string}"},"query-input":{"@type":"PropertyValueSpecification","valueRequired":true,"valueName":"search_term_string"}}],"inLanguage":"fr-FR"}]}},"featured_image_src":null,"featured_image_src_square":null,"_links":{"self":[{"href":"https:\/\/jvillain.fr\/index.php?rest_route=\/wp\/v2\/pages\/2","targetHints":{"allow":["GET"]}}],"collection":[{"href":"https:\/\/jvillain.fr\/index.php?rest_route=\/wp\/v2\/pages"}],"about":[{"href":"https:\/\/jvillain.fr\/index.php?rest_route=\/wp\/v2\/types\/page"}],"author":[{"embeddable":true,"href":"https:\/\/jvillain.fr\/index.php?rest_route=\/wp\/v2\/users\/1"}],"replies":[{"embeddable":true,"href":"https:\/\/jvillain.fr\/index.php?rest_route=%2Fwp%2Fv2%2Fcomments&post=2"}],"version-history":[{"count":0,"href":"https:\/\/jvillain.fr\/index.php?rest_route=\/wp\/v2\/pages\/2\/revisions"}],"wp:attachment":[{"href":"https:\/\/jvillain.fr\/index.php?rest_route=%2Fwp%2Fv2%2Fmedia&parent=2"}],"curies":[{"name":"wp","href":"https:\/\/api.w.org\/{rel}","templated":true}]}}