{"id":51,"date":"2024-08-21T00:02:42","date_gmt":"2024-08-20T22:02:42","guid":{"rendered":"https:\/\/jvillain.fr\/?page_id=51"},"modified":"2024-08-21T00:11:37","modified_gmt":"2024-08-20T22:11:37","slug":"contact","status":"publish","type":"page","link":"https:\/\/jvillain.fr\/?page_id=51","title":{"rendered":"Contact"},"content":{"rendered":"\n<p>Pour contacter le webmestre utilisez le formulaire ci-dessous, il essaiera de vous r\u00e9pondre rapidement mais pas d&rsquo;impatience, les retrait\u00e9s sont toujours tr\u00e8s pris<\/p>\n\n\n\n<div class=\"wpcf7 no-js\" id=\"wpcf7-f50-o1\" lang=\"fr-FR\" dir=\"ltr\" data-wpcf7-id=\"50\">\n<div class=\"screen-reader-response\"><p role=\"status\" aria-live=\"polite\" aria-atomic=\"true\"><\/p> <ul><\/ul><\/div>\n<form action=\"\/index.php?rest_route=%2Fwp%2Fv2%2Fpages%2F51#wpcf7-f50-o1\" method=\"post\" class=\"wpcf7-form init\" aria-label=\"Formulaire de contact\" novalidate=\"novalidate\" data-status=\"init\">\n<fieldset class=\"hidden-fields-container\"><input type=\"hidden\" name=\"_wpcf7\" value=\"50\" \/><input type=\"hidden\" name=\"_wpcf7_version\" value=\"6.1.5\" \/><input type=\"hidden\" name=\"_wpcf7_locale\" value=\"fr_FR\" \/><input type=\"hidden\" name=\"_wpcf7_unit_tag\" value=\"wpcf7-f50-o1\" \/><input type=\"hidden\" name=\"_wpcf7_container_post\" value=\"0\" \/><input type=\"hidden\" name=\"_wpcf7_posted_data_hash\" value=\"\" \/>\n<\/fieldset>\n<p><div class=\"cf7-cf-turnstile\" style=\"margin-top: 0px; margin-bottom: -15px;\"> <p class=\"cfturnstile-widget-label\" style=\"font-size: 14px; margin: 0 0 6px 0; width: 100%;\"><small>v\u00e9rification humanit\u00e9<\/small><\/p> <div id=\"cf-turnstile-cf7-2031182736\" class=\"cf-turnstile\" data-callback=\"turnstileCF7Callback\" data-sitekey=\"0x4AAAAAACkZFrj2MFcm9P3T\" data-theme=\"light\" data-language=\"auto\" data-size=\"normal\" data-retry=\"auto\" data-retry-interval=\"1000\" data-refresh-expired=\"auto\" data-refresh-timeout=\"auto\" data-action=\"contact-form-7\" data-callback=\"turnstileCF7Callback\" data-appearance=\"always\"><\/div> <style>.wpcf7-submit { pointer-events: none; opacity: 0.5; }<\/style> <script>document.addEventListener(\"DOMContentLoaded\", function() { setTimeout(function(){ var e=document.getElementById(\"cf-turnstile-cf7-2031182736\"); if(e&&!e.innerHTML.trim()){turnstile.render(e, {sitekey:\"0x4AAAAAACkZFrj2MFcm9P3T\"});} }, 200); });<\/script> <br class=\"cf-turnstile-br cf-turnstile-br-cf7-2031182736\"> <style>#cf-turnstile-cf7-2031182736 { margin-left: -15px; }<\/style> <script>document.addEventListener(\"DOMContentLoaded\",function(){document.querySelectorAll('.wpcf7-form').forEach(function(e){e.addEventListener('submit',function(){if(document.getElementById('cf-turnstile-cf7-2031182736')){setTimeout(function(){turnstile.reset('#cf-turnstile-cf7-2031182736');},1000)}})})});<\/script> <\/div><br \/>\n<span id=\"wpcf7-69f424e405d83-wrapper\" class=\"wpcf7-form-control-wrap Mel-wrap\" ><input type=\"hidden\" name=\"Mel-time-start\" value=\"1777607908\"><input type=\"hidden\" name=\"Mel-time-check\" value=\"4\"><label for=\"wpcf7-69f424e405d83-field\" class=\"hp-message\">Veuillez laisser ce champ vide.<\/label><input id=\"wpcf7-69f424e405d83-field\"  class=\"wpcf7-form-control wpcf7-text\" type=\"text\" name=\"Mel\" value=\"\" size=\"40\" tabindex=\"-1\" autocomplete=\"off\" \/><\/span><label> Votre nom<br \/>\n<span class=\"wpcf7-form-control-wrap\" data-name=\"your-name\"><input size=\"40\" maxlength=\"400\" class=\"wpcf7-form-control wpcf7-text wpcf7-validates-as-required\" autocomplete=\"name\" aria-required=\"true\" aria-invalid=\"false\" value=\"\" type=\"text\" name=\"your-name\" \/><\/span> <\/label>\n<\/p>\n<p><label> Votre e-mail<br \/>\n<span class=\"wpcf7-form-control-wrap\" data-name=\"your-email\"><input size=\"40\" maxlength=\"400\" class=\"wpcf7-form-control wpcf7-email wpcf7-validates-as-required wpcf7-text wpcf7-validates-as-email\" autocomplete=\"email\" aria-required=\"true\" aria-invalid=\"false\" value=\"\" type=\"email\" name=\"your-email\" \/><\/span> <\/label>\n<\/p>\n<p><label> Objet<br \/>\n<span class=\"wpcf7-form-control-wrap\" data-name=\"your-subject\"><input size=\"40\" maxlength=\"400\" class=\"wpcf7-form-control wpcf7-text wpcf7-validates-as-required\" aria-required=\"true\" aria-invalid=\"false\" value=\"\" type=\"text\" name=\"your-subject\" \/><\/span> <\/label>\n<\/p>\n<p><label> Votre message<br \/>\n<span class=\"wpcf7-form-control-wrap\" data-name=\"your-message\"><textarea cols=\"40\" rows=\"10\" maxlength=\"2000\" class=\"wpcf7-form-control wpcf7-textarea\" aria-invalid=\"false\" name=\"your-message\"><\/textarea><\/span> <\/label>\n<\/p>\n<p><input class=\"wpcf7-form-control wpcf7-submit has-spinner\" type=\"submit\" value=\"Envoyer\" \/>\n<\/p><div class=\"wpcf7-response-output\" aria-hidden=\"true\"><\/div>\n<\/form>\n<\/div>\n\n","protected":false},"excerpt":{"rendered":"<p>Pour contacter le webmestre utilisez le formulaire ci-dessous, il essaiera de vous r\u00e9pondre rapidement mais pas d&rsquo;impatience, les retrait\u00e9s sont toujours tr\u00e8s pris<\/p>\n","protected":false},"author":1,"featured_media":0,"parent":2,"menu_order":91,"comment_status":"closed","ping_status":"closed","template":"","meta":{"pgc_sgb_lightbox_settings":"","footnotes":""},"class_list":["post-51","page","type-page","status-publish"],"yoast_head":"<!-- This site is optimized with the Yoast SEO plugin v27.5 - https:\/\/yoast.com\/product\/yoast-seo-wordpress\/ -->\n<title>Contact - Vivre \u00e0 Orgueil - Tarn-et-Garonne<\/title>\n<meta name=\"description\" content=\"Vivre \u00e0 Orgueil - Tarn-et-Garonne - Contact\" \/>\n<meta name=\"robots\" content=\"index, follow, max-snippet:-1, max-image-preview:large, max-video-preview:-1\" \/>\n<link rel=\"canonical\" href=\"https:\/\/jvillain.fr\/?page_id=51\" \/>\n<meta property=\"og:locale\" content=\"fr_FR\" \/>\n<meta property=\"og:type\" content=\"article\" \/>\n<meta property=\"og:title\" content=\"Contact - Vivre \u00e0 Orgueil - Tarn-et-Garonne\" \/>\n<meta property=\"og:description\" content=\"Vivre \u00e0 Orgueil - Tarn-et-Garonne - Contact\" \/>\n<meta property=\"og:url\" content=\"https:\/\/jvillain.fr\/?page_id=51\" \/>\n<meta property=\"og:site_name\" content=\"Vivre \u00e0 Orgueil - Tarn-et-Garonne\" \/>\n<meta property=\"article:modified_time\" content=\"2024-08-20T22:11:37+00:00\" \/>\n<meta name=\"twitter:card\" content=\"summary_large_image\" \/>\n<meta name=\"twitter:label1\" content=\"Dur\u00e9e de lecture estim\u00e9e\" \/>\n\t<meta name=\"twitter:data1\" content=\"1 minute\" \/>\n<script type=\"application\/ld+json\" class=\"yoast-schema-graph\">{\"@context\":\"https:\\\/\\\/schema.org\",\"@graph\":[{\"@type\":\"WebPage\",\"@id\":\"https:\\\/\\\/jvillain.fr\\\/?page_id=51\",\"url\":\"https:\\\/\\\/jvillain.fr\\\/?page_id=51\",\"name\":\"Contact - Vivre \u00e0 Orgueil - Tarn-et-Garonne\",\"isPartOf\":{\"@id\":\"https:\\\/\\\/jvillain.fr\\\/#website\"},\"datePublished\":\"2024-08-20T22:02:42+00:00\",\"dateModified\":\"2024-08-20T22:11:37+00:00\",\"description\":\"Vivre \u00e0 Orgueil - Tarn-et-Garonne - Contact\",\"breadcrumb\":{\"@id\":\"https:\\\/\\\/jvillain.fr\\\/?page_id=51#breadcrumb\"},\"inLanguage\":\"fr-FR\",\"potentialAction\":[{\"@type\":\"ReadAction\",\"target\":[\"https:\\\/\\\/jvillain.fr\\\/?page_id=51\"]}]},{\"@type\":\"BreadcrumbList\",\"@id\":\"https:\\\/\\\/jvillain.fr\\\/?page_id=51#breadcrumb\",\"itemListElement\":[{\"@type\":\"ListItem\",\"position\":1,\"name\":\"Accueil\",\"item\":\"https:\\\/\\\/jvillain.fr\\\/\"},{\"@type\":\"ListItem\",\"position\":2,\"name\":\"Vivre \u00e0 Orgueil &#8211; Tarn-et-Garonne\",\"item\":\"https:\\\/\\\/jvillain.fr\\\/\"},{\"@type\":\"ListItem\",\"position\":3,\"name\":\"Contact\"}]},{\"@type\":\"WebSite\",\"@id\":\"https:\\\/\\\/jvillain.fr\\\/#website\",\"url\":\"https:\\\/\\\/jvillain.fr\\\/\",\"name\":\"Vivre \u00e0 Orgueil - Tarn-et-Garonne\",\"description\":\"Site personnel sur le village de Orgueil (82)\",\"potentialAction\":[{\"@type\":\"SearchAction\",\"target\":{\"@type\":\"EntryPoint\",\"urlTemplate\":\"https:\\\/\\\/jvillain.fr\\\/?s={search_term_string}\"},\"query-input\":{\"@type\":\"PropertyValueSpecification\",\"valueRequired\":true,\"valueName\":\"search_term_string\"}}],\"inLanguage\":\"fr-FR\"}]}<\/script>\n<!-- \/ Yoast SEO plugin. -->","yoast_head_json":{"title":"Contact - Vivre \u00e0 Orgueil - Tarn-et-Garonne","description":"Vivre \u00e0 Orgueil - Tarn-et-Garonne - Contact","robots":{"index":"index","follow":"follow","max-snippet":"max-snippet:-1","max-image-preview":"max-image-preview:large","max-video-preview":"max-video-preview:-1"},"canonical":"https:\/\/jvillain.fr\/?page_id=51","og_locale":"fr_FR","og_type":"article","og_title":"Contact - Vivre \u00e0 Orgueil - Tarn-et-Garonne","og_description":"Vivre \u00e0 Orgueil - Tarn-et-Garonne - Contact","og_url":"https:\/\/jvillain.fr\/?page_id=51","og_site_name":"Vivre \u00e0 Orgueil - Tarn-et-Garonne","article_modified_time":"2024-08-20T22:11:37+00:00","twitter_card":"summary_large_image","twitter_misc":{"Dur\u00e9e de lecture estim\u00e9e":"1 minute"},"schema":{"@context":"https:\/\/schema.org","@graph":[{"@type":"WebPage","@id":"https:\/\/jvillain.fr\/?page_id=51","url":"https:\/\/jvillain.fr\/?page_id=51","name":"Contact - Vivre \u00e0 Orgueil - Tarn-et-Garonne","isPartOf":{"@id":"https:\/\/jvillain.fr\/#website"},"datePublished":"2024-08-20T22:02:42+00:00","dateModified":"2024-08-20T22:11:37+00:00","description":"Vivre \u00e0 Orgueil - Tarn-et-Garonne - Contact","breadcrumb":{"@id":"https:\/\/jvillain.fr\/?page_id=51#breadcrumb"},"inLanguage":"fr-FR","potentialAction":[{"@type":"ReadAction","target":["https:\/\/jvillain.fr\/?page_id=51"]}]},{"@type":"BreadcrumbList","@id":"https:\/\/jvillain.fr\/?page_id=51#breadcrumb","itemListElement":[{"@type":"ListItem","position":1,"name":"Accueil","item":"https:\/\/jvillain.fr\/"},{"@type":"ListItem","position":2,"name":"Vivre \u00e0 Orgueil &#8211; Tarn-et-Garonne","item":"https:\/\/jvillain.fr\/"},{"@type":"ListItem","position":3,"name":"Contact"}]},{"@type":"WebSite","@id":"https:\/\/jvillain.fr\/#website","url":"https:\/\/jvillain.fr\/","name":"Vivre \u00e0 Orgueil - Tarn-et-Garonne","description":"Site personnel sur le village de Orgueil (82)","potentialAction":[{"@type":"SearchAction","target":{"@type":"EntryPoint","urlTemplate":"https:\/\/jvillain.fr\/?s={search_term_string}"},"query-input":{"@type":"PropertyValueSpecification","valueRequired":true,"valueName":"search_term_string"}}],"inLanguage":"fr-FR"}]}},"featured_image_src":null,"featured_image_src_square":null,"_links":{"self":[{"href":"https:\/\/jvillain.fr\/index.php?rest_route=\/wp\/v2\/pages\/51","targetHints":{"allow":["GET"]}}],"collection":[{"href":"https:\/\/jvillain.fr\/index.php?rest_route=\/wp\/v2\/pages"}],"about":[{"href":"https:\/\/jvillain.fr\/index.php?rest_route=\/wp\/v2\/types\/page"}],"author":[{"embeddable":true,"href":"https:\/\/jvillain.fr\/index.php?rest_route=\/wp\/v2\/users\/1"}],"replies":[{"embeddable":true,"href":"https:\/\/jvillain.fr\/index.php?rest_route=%2Fwp%2Fv2%2Fcomments&post=51"}],"version-history":[{"count":0,"href":"https:\/\/jvillain.fr\/index.php?rest_route=\/wp\/v2\/pages\/51\/revisions"}],"up":[{"embeddable":true,"href":"https:\/\/jvillain.fr\/index.php?rest_route=\/wp\/v2\/pages\/2"}],"wp:attachment":[{"href":"https:\/\/jvillain.fr\/index.php?rest_route=%2Fwp%2Fv2%2Fmedia&parent=51"}],"curies":[{"name":"wp","href":"https:\/\/api.w.org\/{rel}","templated":true}]}}