{"id":921,"date":"2025-05-06T13:56:53","date_gmt":"2025-05-06T11:56:53","guid":{"rendered":"https:\/\/jvillain.fr\/?page_id=921"},"modified":"2025-08-17T14:14:37","modified_gmt":"2025-08-17T12:14:37","slug":"qui-sommes-nous","status":"publish","type":"page","link":"https:\/\/jvillain.fr\/?page_id=921","title":{"rendered":"Qui sommes nous ?"},"content":{"rendered":"\n<p>Orgueil est un petit village du Tarn-et-Garonne c\u00e9l\u00e8bre pour <a href=\"https:\/\/jvillain.fr\/?page_id=1077\">sa m\u00e9t\u00e9orite<\/a>. Nous y habitons depuis 1995 mais mon \u00e9pouse est n\u00e9e ici (enfin \u00e0 Montauban mais ses parents vivaient ici) et nous connaissons bien le village.<\/p>\n\n\n\n<p>Depuis plus de 20 ans nous animons un site internet sur le village : son histoire, des photographies, des reproductions de cartes postales, &#8230;.&nbsp;<\/p>\n\n\n\n<p>Avec la mise en place d&rsquo;un site internet par la nouvelle municipalit\u00e9 (en 2016) les pages de ce site personnel traitant des d\u00e9marches administratives, des animations, &#8230; bref de tout ce qui fait la vie d&rsquo;une commune mais qui est g\u00e9r\u00e9 par la municipalit\u00e9 ont \u00e9t\u00e9 supprim\u00e9es, visitez le site officiel de la commune pour trouvez tout ce qui concerne la commune : <a href=\"http:\/\/www.orgueil.fr\">http:\/\/www.orgueil.fr<\/a><\/p>\n\n\n\n<p>Nous nous d\u00e9pla\u00e7ons aux alentours du village et pendant les vacances un peu plus loin. La page \u00ab\u00a0<a href=\"http:\/\/village.jvillain.eu\/tourisme\/tourisme.aspx\" target=\"_blank\" rel=\"noreferrer noopener\">tourisme, activit\u00e9s ludiques<\/a>\u00a0\u00bb vous donne quelques id\u00e9es de coins \u00e0 visiter pas loin d&rsquo;ici et vous raconte quelques lieux de vacances de la famille.<\/p>\n\n\n\n<p>Pour ma part je suis n\u00e9 dans le Gers, \u00e0 Lectoure, de parents originaires du nord de la France. Mes grands-parents maternels avaient fait une tentative d&rsquo;installation comme m\u00e9tayers dans les environs de Lectoure, \u00e0 l&rsquo;Isle-Bouzon, \u00e0 la fin des ann\u00e9es 20 et sont revenus s&rsquo;y installer lors de la retraite.<br>J&rsquo;ai pass\u00e9 mes premi\u00e8res ann\u00e9es de vie avec mes grand-parents dans ce petit village qui \u00e9tait alors encore un village tr\u00e8s rural. Vous pouvez d\u00e9couvrir des cartes postales anciennes du village de l&rsquo;Isle-Bouzon en cliquant <a href=\"https:\/\/goo.gl\/photos\/4QnCycLYsM9tRLzg7\" target=\"_blank\" rel=\"noreferrer noopener\">ICI<\/a>.<\/p>\n\n\n\n<p>Nous esp\u00e9rons que la d\u00e9couverte du village d&rsquo;Orgueil \u00e0 travers son histoire, la m\u00e9t\u00e9orite et l&rsquo;histoire de quelques lieux et \u00e9difices vous sera agr\u00e9able.<\/p>\n\n\n\n<p>Cordialement.<\/p>\n\n\n\n<p>Le Webmaster<\/p>\n","protected":false},"excerpt":{"rendered":"<p>Orgueil est un petit village du Tarn-et-Garonne c\u00e9l\u00e8bre pour sa m\u00e9t\u00e9orite. Nous y habitons depuis 1995 mais mon \u00e9pouse est n\u00e9e ici (enfin \u00e0 Montauban mais ses parents vivaient ici) et nous connaissons bien le village. Depuis plus de 20 ans nous animons un site internet sur le village : son histoire, des photographies, des &#8230; <a title=\"Qui sommes nous ?\" class=\"read-more\" href=\"https:\/\/jvillain.fr\/?page_id=921\" aria-label=\"En savoir plus sur Qui sommes nous ?\">Lire la suite<\/a><\/p>\n","protected":false},"author":1,"featured_media":0,"parent":2,"menu_order":0,"comment_status":"closed","ping_status":"closed","template":"","meta":{"pgc_sgb_lightbox_settings":"","footnotes":""},"class_list":["post-921","page","type-page","status-publish"],"yoast_head":"<!-- This site is optimized with the Yoast SEO plugin v27.5 - https:\/\/yoast.com\/product\/yoast-seo-wordpress\/ -->\n<title>Qui sommes nous ? - Vivre \u00e0 Orgueil - Tarn-et-Garonne<\/title>\n<meta name=\"description\" content=\"Vivre \u00e0 Orgueil - Tarn-et-Garonne - Qui sommes nous ?\" \/>\n<meta name=\"robots\" content=\"index, follow, max-snippet:-1, max-image-preview:large, max-video-preview:-1\" \/>\n<link rel=\"canonical\" href=\"https:\/\/jvillain.fr\/?page_id=921\" \/>\n<meta property=\"og:locale\" content=\"fr_FR\" \/>\n<meta property=\"og:type\" content=\"article\" \/>\n<meta property=\"og:title\" content=\"Qui sommes nous ? - Vivre \u00e0 Orgueil - Tarn-et-Garonne\" \/>\n<meta property=\"og:description\" content=\"Vivre \u00e0 Orgueil - Tarn-et-Garonne - Qui sommes nous ?\" \/>\n<meta property=\"og:url\" content=\"https:\/\/jvillain.fr\/?page_id=921\" \/>\n<meta property=\"og:site_name\" content=\"Vivre \u00e0 Orgueil - Tarn-et-Garonne\" \/>\n<meta property=\"article:modified_time\" content=\"2025-08-17T12:14:37+00:00\" \/>\n<meta name=\"twitter:card\" content=\"summary_large_image\" \/>\n<meta name=\"twitter:label1\" content=\"Dur\u00e9e de lecture estim\u00e9e\" \/>\n\t<meta name=\"twitter:data1\" content=\"2 minutes\" \/>\n<script type=\"application\/ld+json\" class=\"yoast-schema-graph\">{\"@context\":\"https:\\\/\\\/schema.org\",\"@graph\":[{\"@type\":\"WebPage\",\"@id\":\"https:\\\/\\\/jvillain.fr\\\/?page_id=921\",\"url\":\"https:\\\/\\\/jvillain.fr\\\/?page_id=921\",\"name\":\"Qui sommes nous ? - Vivre \u00e0 Orgueil - Tarn-et-Garonne\",\"isPartOf\":{\"@id\":\"https:\\\/\\\/jvillain.fr\\\/#website\"},\"datePublished\":\"2025-05-06T11:56:53+00:00\",\"dateModified\":\"2025-08-17T12:14:37+00:00\",\"description\":\"Vivre \u00e0 Orgueil - Tarn-et-Garonne - Qui sommes nous ?\",\"breadcrumb\":{\"@id\":\"https:\\\/\\\/jvillain.fr\\\/?page_id=921#breadcrumb\"},\"inLanguage\":\"fr-FR\",\"potentialAction\":[{\"@type\":\"ReadAction\",\"target\":[\"https:\\\/\\\/jvillain.fr\\\/?page_id=921\"]}]},{\"@type\":\"BreadcrumbList\",\"@id\":\"https:\\\/\\\/jvillain.fr\\\/?page_id=921#breadcrumb\",\"itemListElement\":[{\"@type\":\"ListItem\",\"position\":1,\"name\":\"Accueil\",\"item\":\"https:\\\/\\\/jvillain.fr\\\/\"},{\"@type\":\"ListItem\",\"position\":2,\"name\":\"Vivre \u00e0 Orgueil &#8211; Tarn-et-Garonne\",\"item\":\"https:\\\/\\\/jvillain.fr\\\/\"},{\"@type\":\"ListItem\",\"position\":3,\"name\":\"Qui sommes nous ?\"}]},{\"@type\":\"WebSite\",\"@id\":\"https:\\\/\\\/jvillain.fr\\\/#website\",\"url\":\"https:\\\/\\\/jvillain.fr\\\/\",\"name\":\"Vivre \u00e0 Orgueil - Tarn-et-Garonne\",\"description\":\"Site personnel sur le village de Orgueil (82)\",\"potentialAction\":[{\"@type\":\"SearchAction\",\"target\":{\"@type\":\"EntryPoint\",\"urlTemplate\":\"https:\\\/\\\/jvillain.fr\\\/?s={search_term_string}\"},\"query-input\":{\"@type\":\"PropertyValueSpecification\",\"valueRequired\":true,\"valueName\":\"search_term_string\"}}],\"inLanguage\":\"fr-FR\"}]}<\/script>\n<!-- \/ Yoast SEO plugin. -->","yoast_head_json":{"title":"Qui sommes nous ? - Vivre \u00e0 Orgueil - Tarn-et-Garonne","description":"Vivre \u00e0 Orgueil - Tarn-et-Garonne - Qui sommes nous ?","robots":{"index":"index","follow":"follow","max-snippet":"max-snippet:-1","max-image-preview":"max-image-preview:large","max-video-preview":"max-video-preview:-1"},"canonical":"https:\/\/jvillain.fr\/?page_id=921","og_locale":"fr_FR","og_type":"article","og_title":"Qui sommes nous ? - Vivre \u00e0 Orgueil - Tarn-et-Garonne","og_description":"Vivre \u00e0 Orgueil - Tarn-et-Garonne - Qui sommes nous ?","og_url":"https:\/\/jvillain.fr\/?page_id=921","og_site_name":"Vivre \u00e0 Orgueil - Tarn-et-Garonne","article_modified_time":"2025-08-17T12:14:37+00:00","twitter_card":"summary_large_image","twitter_misc":{"Dur\u00e9e de lecture estim\u00e9e":"2 minutes"},"schema":{"@context":"https:\/\/schema.org","@graph":[{"@type":"WebPage","@id":"https:\/\/jvillain.fr\/?page_id=921","url":"https:\/\/jvillain.fr\/?page_id=921","name":"Qui sommes nous ? - Vivre \u00e0 Orgueil - Tarn-et-Garonne","isPartOf":{"@id":"https:\/\/jvillain.fr\/#website"},"datePublished":"2025-05-06T11:56:53+00:00","dateModified":"2025-08-17T12:14:37+00:00","description":"Vivre \u00e0 Orgueil - Tarn-et-Garonne - Qui sommes nous ?","breadcrumb":{"@id":"https:\/\/jvillain.fr\/?page_id=921#breadcrumb"},"inLanguage":"fr-FR","potentialAction":[{"@type":"ReadAction","target":["https:\/\/jvillain.fr\/?page_id=921"]}]},{"@type":"BreadcrumbList","@id":"https:\/\/jvillain.fr\/?page_id=921#breadcrumb","itemListElement":[{"@type":"ListItem","position":1,"name":"Accueil","item":"https:\/\/jvillain.fr\/"},{"@type":"ListItem","position":2,"name":"Vivre \u00e0 Orgueil &#8211; Tarn-et-Garonne","item":"https:\/\/jvillain.fr\/"},{"@type":"ListItem","position":3,"name":"Qui sommes nous ?"}]},{"@type":"WebSite","@id":"https:\/\/jvillain.fr\/#website","url":"https:\/\/jvillain.fr\/","name":"Vivre \u00e0 Orgueil - Tarn-et-Garonne","description":"Site personnel sur le village de Orgueil (82)","potentialAction":[{"@type":"SearchAction","target":{"@type":"EntryPoint","urlTemplate":"https:\/\/jvillain.fr\/?s={search_term_string}"},"query-input":{"@type":"PropertyValueSpecification","valueRequired":true,"valueName":"search_term_string"}}],"inLanguage":"fr-FR"}]}},"featured_image_src":null,"featured_image_src_square":null,"_links":{"self":[{"href":"https:\/\/jvillain.fr\/index.php?rest_route=\/wp\/v2\/pages\/921","targetHints":{"allow":["GET"]}}],"collection":[{"href":"https:\/\/jvillain.fr\/index.php?rest_route=\/wp\/v2\/pages"}],"about":[{"href":"https:\/\/jvillain.fr\/index.php?rest_route=\/wp\/v2\/types\/page"}],"author":[{"embeddable":true,"href":"https:\/\/jvillain.fr\/index.php?rest_route=\/wp\/v2\/users\/1"}],"replies":[{"embeddable":true,"href":"https:\/\/jvillain.fr\/index.php?rest_route=%2Fwp%2Fv2%2Fcomments&post=921"}],"version-history":[{"count":0,"href":"https:\/\/jvillain.fr\/index.php?rest_route=\/wp\/v2\/pages\/921\/revisions"}],"up":[{"embeddable":true,"href":"https:\/\/jvillain.fr\/index.php?rest_route=\/wp\/v2\/pages\/2"}],"wp:attachment":[{"href":"https:\/\/jvillain.fr\/index.php?rest_route=%2Fwp%2Fv2%2Fmedia&parent=921"}],"curies":[{"name":"wp","href":"https:\/\/api.w.org\/{rel}","templated":true}]}}